{"id":1339,"date":"2022-09-07T12:57:04","date_gmt":"2022-09-07T10:57:04","guid":{"rendered":"https:\/\/visionario.co.mz\/?post_type=product&#038;p=1339"},"modified":"2025-09-11T08:54:38","modified_gmt":"2025-09-11T06:54:38","slug":"bandera","status":"publish","type":"product","link":"https:\/\/visionario.co.mz\/es\/producto\/bandera\/","title":{"rendered":"Bandera"},"content":{"rendered":"<p>Nos especializamos en banderas personalizadas, tanto peque\u00f1as como grandes, as\u00ed como de doble cara. Cada bandera es vers\u00e1til y se puede exhibir como se desee, desde astas hasta alambres, o incluso en paredes o cercas.<\/p>\n<p>\u00a1Presente su excelente dise\u00f1o y deje que nuestra empresa los imprima con la mejor calidad del mercado y tenga la mejor publicidad para usted!<\/p>\n<ul class=\"why-buy-from-us-list\">\n<li>Material de bandera de poli\u00e9ster duradero para exteriores;<\/li>\n<li>Impresi\u00f3n digital en color de alta definici\u00f3n con tintas resistentes a los rayos UV;<\/li>\n<li>Disponible de una o dos caras;<\/li>\n<li>Especializado en banderas personalizadas de gran tama\u00f1o sin l\u00edmite de tama\u00f1o.<\/li>\n<\/ul>","protected":false},"excerpt":{"rendered":"<p>Las banderas personalizadas son una forma sencilla y eficaz de promocionar cualquier sector. Todas nuestras banderas est\u00e1n fabricadas con poli\u00e9ster duradero y de alta calidad.<\/p>","protected":false},"featured_media":1342,"comment_status":"open","ping_status":"closed","template":"","meta":{"_kad_post_transparent":"default","_kad_post_title":"","_kad_post_layout":"default","_kad_post_sidebar_id":"","_kad_post_content_style":"default","_kad_post_vertical_padding":"default","_kad_post_feature":"","_kad_post_feature_position":"","_kad_post_header":false,"_kad_post_footer":false},"product_brand":[],"product_cat":[15,22,21,25,27,23],"product_tag":[],"class_list":{"0":"post-1339","1":"product","2":"type-product","3":"status-publish","4":"has-post-thumbnail","6":"product_cat-personalizados","7":"product_cat-branding","8":"product_cat-design","9":"product_cat-grafica","10":"product_cat-impressao-digital","11":"product_cat-publicidade","13":"first","14":"instock","15":"sale","16":"shipping-taxable","17":"purchasable","18":"product-type-simple","19":"entry","20":"content-bg","21":"loop-entry"},"_links":{"self":[{"href":"https:\/\/visionario.co.mz\/es\/wp-json\/wp\/v2\/product\/1339","targetHints":{"allow":["GET"]}}],"collection":[{"href":"https:\/\/visionario.co.mz\/es\/wp-json\/wp\/v2\/product"}],"about":[{"href":"https:\/\/visionario.co.mz\/es\/wp-json\/wp\/v2\/types\/product"}],"replies":[{"embeddable":true,"href":"https:\/\/visionario.co.mz\/es\/wp-json\/wp\/v2\/comments?post=1339"}],"wp:featuredmedia":[{"embeddable":true,"href":"https:\/\/visionario.co.mz\/es\/wp-json\/wp\/v2\/media\/1342"}],"wp:attachment":[{"href":"https:\/\/visionario.co.mz\/es\/wp-json\/wp\/v2\/media?parent=1339"}],"wp:term":[{"taxonomy":"product_brand","embeddable":true,"href":"https:\/\/visionario.co.mz\/es\/wp-json\/wp\/v2\/product_brand?post=1339"},{"taxonomy":"product_cat","embeddable":true,"href":"https:\/\/visionario.co.mz\/es\/wp-json\/wp\/v2\/product_cat?post=1339"},{"taxonomy":"product_tag","embeddable":true,"href":"https:\/\/visionario.co.mz\/es\/wp-json\/wp\/v2\/product_tag?post=1339"}],"curies":[{"name":"gracias","href":"https:\/\/api.w.org\/{rel}","templated":true}]}}