{"id":1345,"date":"2022-09-07T13:23:05","date_gmt":"2022-09-07T11:23:05","guid":{"rendered":"https:\/\/visionario.co.mz\/?post_type=product&#038;p=1345"},"modified":"2025-08-04T10:31:42","modified_gmt":"2025-08-04T08:31:42","slug":"camiseta-personalizada-2","status":"publish","type":"product","link":"https:\/\/visionario.co.mz\/es\/producto\/camiseta-personalizada-2\/","title":{"rendered":"Camisa personalizada"},"content":{"rendered":"<p><span>Tenemos mucha experiencia en la personalizaci\u00f3n de sudaderas de varios tipos que van desde el tama\u00f1o, estilo, incluyendo sudaderas con bolsillos con cremallera y capuchas. <\/span><span>Usando nuestra impresi\u00f3n gr\u00e1fica y serigraf\u00eda, puedes agregar elementos personalizados como texto, fotos, logotipos y m\u00e1s para crear tus propias camisetas, con ayuda de expertos disponible si la necesitas. <\/span><span>Consulta nuestra selecci\u00f3n y crea las camisetas estampadas o bordadas perfectas para todos los miembros de tu equipo.<\/span><\/p>\n<p>&nbsp;<\/p>","protected":false},"excerpt":{"rendered":"<p>Convierte el fr\u00edo en una oportunidad para mostrar tu marca o mensaje al mundo. Con Visionario Gr\u00e1fica e Serigrafia, puedes crear sudaderas personalizadas, c\u00f3modas y con una presentaci\u00f3n profesional.<\/p>\n<p><span>Personaliza las camisetas de tu empresa con tu logotipo para que la gente quiera usarlas una y otra vez, ya sea para tus empleados, tu equipo o un pr\u00f3ximo evento. <\/span><span>Cuando hace fr\u00edo o est\u00e1 nublado, las camisetas personalizadas son una excelente manera de mantenerse abrigado y seco mientras muestra su logotipo o la identidad de su equipo.<\/span><\/p>","protected":false},"featured_media":1349,"comment_status":"open","ping_status":"closed","template":"","meta":{"_kad_post_transparent":"default","_kad_post_title":"","_kad_post_layout":"default","_kad_post_sidebar_id":"","_kad_post_content_style":"default","_kad_post_vertical_padding":"default","_kad_post_feature":"","_kad_post_feature_position":"","_kad_post_header":false,"_kad_post_footer":false},"product_brand":[],"product_cat":[15,31,30,24],"product_tag":[],"class_list":{"0":"post-1345","1":"product","2":"type-product","3":"status-publish","4":"has-post-thumbnail","6":"product_cat-personalizados","7":"product_cat-brindes","8":"product_cat-estampagem","9":"product_cat-serigrafia","11":"first","12":"instock","13":"sale","14":"shipping-taxable","15":"purchasable","16":"product-type-variable","17":"entry","18":"content-bg","19":"loop-entry"},"_links":{"self":[{"href":"https:\/\/visionario.co.mz\/es\/wp-json\/wp\/v2\/product\/1345","targetHints":{"allow":["GET"]}}],"collection":[{"href":"https:\/\/visionario.co.mz\/es\/wp-json\/wp\/v2\/product"}],"about":[{"href":"https:\/\/visionario.co.mz\/es\/wp-json\/wp\/v2\/types\/product"}],"replies":[{"embeddable":true,"href":"https:\/\/visionario.co.mz\/es\/wp-json\/wp\/v2\/comments?post=1345"}],"wp:featuredmedia":[{"embeddable":true,"href":"https:\/\/visionario.co.mz\/es\/wp-json\/wp\/v2\/media\/1349"}],"wp:attachment":[{"href":"https:\/\/visionario.co.mz\/es\/wp-json\/wp\/v2\/media?parent=1345"}],"wp:term":[{"taxonomy":"product_brand","embeddable":true,"href":"https:\/\/visionario.co.mz\/es\/wp-json\/wp\/v2\/product_brand?post=1345"},{"taxonomy":"product_cat","embeddable":true,"href":"https:\/\/visionario.co.mz\/es\/wp-json\/wp\/v2\/product_cat?post=1345"},{"taxonomy":"product_tag","embeddable":true,"href":"https:\/\/visionario.co.mz\/es\/wp-json\/wp\/v2\/product_tag?post=1345"}],"curies":[{"name":"gracias","href":"https:\/\/api.w.org\/{rel}","templated":true}]}}