{"id":1350,"date":"2022-09-07T14:05:30","date_gmt":"2022-09-07T12:05:30","guid":{"rendered":"https:\/\/visionario.co.mz\/?post_type=product&#038;p=1350"},"modified":"2025-07-10T05:34:43","modified_gmt":"2025-07-10T03:34:43","slug":"boligrafo","status":"publish","type":"product","link":"https:\/\/visionario.co.mz\/es\/producto\/boligrafo\/","title":{"rendered":"Bol\u00edgrafo personalizado"},"content":{"rendered":"<p>Un bol\u00edgrafo de dise\u00f1o \u00fanico permite que tus ideas fluyan y se plasmen en papel. Perfecto para regalar a clientes y clientes potenciales, as\u00ed como para expresar tu agradecimiento a tus empleados. Son ideales para celebrar el aniversario de tu empresa, una expansi\u00f3n comercial o un hito importante.<\/p>\n<p><strong><span>Impresi\u00f3n inmersiva<\/span><\/strong><br \/>\n<span>\u00bfQuieres que tu logo destaque desde todos los \u00e1ngulos? Este bol\u00edgrafo personalizado es la soluci\u00f3n. Con una impresi\u00f3n envolvente, ofrece una forma vibrante de destacar tu logo e informaci\u00f3n de contacto.<\/span><\/p>\n<p><strong><span>Muestra tu marca<\/span><\/strong><br \/>\n<span>\u00bfPlaneas un evento promocional o un sorteo ben\u00e9fico? Ofrece a los asistentes un bol\u00edgrafo para difundir la noticia. Personaliza tus bol\u00edgrafos con el nombre de tu empresa y tu informaci\u00f3n de contacto para maximizar el reconocimiento de tu marca.<\/span><\/p>\n<p><b>Gr\u00e1ficos<\/b><strong><span>\u00a0de dise\u00f1o interactivo<\/span><\/strong><br \/>\n<span>Elige entre nuestra variedad de opciones para dise\u00f1ar el bol\u00edgrafo perfecto para tus necesidades. Nuestra tienda de dise\u00f1o interactivo te ayuda a personalizar tus bol\u00edgrafos seg\u00fan tus necesidades. Despu\u00e9s, nos encargamos del resto: la impresi\u00f3n profesional y el env\u00edo a domicilio.<\/span><\/p>\n<p>&nbsp;<\/p>","protected":false},"excerpt":{"rendered":"<p>Regale un bol\u00edgrafo personalizado a sus empleados, clientes fieles o asistentes a eventos para que su marca sea recordada todos los d\u00edas.<\/p>\n<p>La exposici\u00f3n diaria puede hacer que cualquier persona recuerde tu marca y tus servicios o productos, garantizando as\u00ed m\u00e1s ventas.<\/p>","protected":false},"featured_media":1351,"comment_status":"open","ping_status":"closed","template":"","meta":{"_kad_post_transparent":"default","_kad_post_title":"","_kad_post_layout":"default","_kad_post_sidebar_id":"","_kad_post_content_style":"default","_kad_post_vertical_padding":"default","_kad_post_feature":"","_kad_post_feature_position":"","_kad_post_header":false,"_kad_post_footer":false},"product_brand":[],"product_cat":[15,22,31,21,23],"product_tag":[],"class_list":{"0":"post-1350","1":"product","2":"type-product","3":"status-publish","4":"has-post-thumbnail","6":"product_cat-personalizados","7":"product_cat-branding","8":"product_cat-brindes","9":"product_cat-design","10":"product_cat-publicidade","12":"first","13":"instock","14":"sale","15":"shipping-taxable","16":"purchasable","17":"product-type-simple","18":"entry","19":"content-bg","20":"loop-entry"},"_links":{"self":[{"href":"https:\/\/visionario.co.mz\/es\/wp-json\/wp\/v2\/product\/1350","targetHints":{"allow":["GET"]}}],"collection":[{"href":"https:\/\/visionario.co.mz\/es\/wp-json\/wp\/v2\/product"}],"about":[{"href":"https:\/\/visionario.co.mz\/es\/wp-json\/wp\/v2\/types\/product"}],"replies":[{"embeddable":true,"href":"https:\/\/visionario.co.mz\/es\/wp-json\/wp\/v2\/comments?post=1350"}],"wp:featuredmedia":[{"embeddable":true,"href":"https:\/\/visionario.co.mz\/es\/wp-json\/wp\/v2\/media\/1351"}],"wp:attachment":[{"href":"https:\/\/visionario.co.mz\/es\/wp-json\/wp\/v2\/media?parent=1350"}],"wp:term":[{"taxonomy":"product_brand","embeddable":true,"href":"https:\/\/visionario.co.mz\/es\/wp-json\/wp\/v2\/product_brand?post=1350"},{"taxonomy":"product_cat","embeddable":true,"href":"https:\/\/visionario.co.mz\/es\/wp-json\/wp\/v2\/product_cat?post=1350"},{"taxonomy":"product_tag","embeddable":true,"href":"https:\/\/visionario.co.mz\/es\/wp-json\/wp\/v2\/product_tag?post=1350"}],"curies":[{"name":"gracias","href":"https:\/\/api.w.org\/{rel}","templated":true}]}}