{"id":1354,"date":"2022-09-07T14:14:15","date_gmt":"2022-09-07T12:14:15","guid":{"rendered":"https:\/\/visionario.co.mz\/?post_type=product&#038;p=1354"},"modified":"2025-05-04T02:03:05","modified_gmt":"2025-05-04T00:03:05","slug":"marca-de-coche","status":"publish","type":"product","link":"https:\/\/visionario.co.mz\/es\/producto\/marca-de-coche\/","title":{"rendered":"Marca de coches"},"content":{"rendered":"<p>Los gr\u00e1ficos y la imagen de marca de los veh\u00edculos ayudar\u00e1n a aumentar el conocimiento de marca sin el gasto de vallas publicitarias costosas. No hay l\u00edmites de dise\u00f1o en la publicidad m\u00f3vil.<\/p>\n<p>Mu\u00e9stranos el dise\u00f1o que quieres ponerle a tu coche y te asesoraremos sobre la mejor manera de lograrlo.<\/p>\n<p>Si no est\u00e1 seguro de por d\u00f3nde empezar o est\u00e1 redise\u00f1ando completamente su marca, no se preocupe, tenemos los mejores dise\u00f1adores gr\u00e1ficos que pueden ayudarlo con ideas iniciales de dise\u00f1o de logotipo y lo guiar\u00e1n a trav\u00e9s de todo el proceso de dise\u00f1o para que sus veh\u00edculos se vean como una marca profesional en la carretera.<\/p>","protected":false},"excerpt":{"rendered":"<p>El branding de veh\u00edculos es una forma eficaz y rentable de que el nombre y el logotipo de su empresa sean reconocidos y recordados. Maximice su marketing y destaque entre la multitud convirtiendo su coche o flota de veh\u00edculos en una valla publicitaria m\u00f3vil y llame la atenci\u00f3n de miles de personas, \u00a1casi a diario!<\/p>","protected":false},"featured_media":1356,"comment_status":"open","ping_status":"closed","template":"","meta":{"_kad_post_transparent":"default","_kad_post_title":"","_kad_post_layout":"default","_kad_post_sidebar_id":"","_kad_post_content_style":"default","_kad_post_vertical_padding":"default","_kad_post_feature":"","_kad_post_feature_position":"","_kad_post_header":false,"_kad_post_footer":false},"product_brand":[],"product_cat":[15,22,21,23],"product_tag":[],"class_list":{"0":"post-1354","1":"product","2":"type-product","3":"status-publish","4":"has-post-thumbnail","6":"product_cat-personalizados","7":"product_cat-branding","8":"product_cat-design","9":"product_cat-publicidade","11":"first","12":"instock","13":"sale","14":"shipping-taxable","15":"purchasable","16":"product-type-simple","17":"entry","18":"content-bg","19":"loop-entry"},"_links":{"self":[{"href":"https:\/\/visionario.co.mz\/es\/wp-json\/wp\/v2\/product\/1354","targetHints":{"allow":["GET"]}}],"collection":[{"href":"https:\/\/visionario.co.mz\/es\/wp-json\/wp\/v2\/product"}],"about":[{"href":"https:\/\/visionario.co.mz\/es\/wp-json\/wp\/v2\/types\/product"}],"replies":[{"embeddable":true,"href":"https:\/\/visionario.co.mz\/es\/wp-json\/wp\/v2\/comments?post=1354"}],"wp:featuredmedia":[{"embeddable":true,"href":"https:\/\/visionario.co.mz\/es\/wp-json\/wp\/v2\/media\/1356"}],"wp:attachment":[{"href":"https:\/\/visionario.co.mz\/es\/wp-json\/wp\/v2\/media?parent=1354"}],"wp:term":[{"taxonomy":"product_brand","embeddable":true,"href":"https:\/\/visionario.co.mz\/es\/wp-json\/wp\/v2\/product_brand?post=1354"},{"taxonomy":"product_cat","embeddable":true,"href":"https:\/\/visionario.co.mz\/es\/wp-json\/wp\/v2\/product_cat?post=1354"},{"taxonomy":"product_tag","embeddable":true,"href":"https:\/\/visionario.co.mz\/es\/wp-json\/wp\/v2\/product_tag?post=1354"}],"curies":[{"name":"gracias","href":"https:\/\/api.w.org\/{rel}","templated":true}]}}