{"id":1357,"date":"2022-09-07T14:23:16","date_gmt":"2022-09-07T12:23:16","guid":{"rendered":"https:\/\/visionario.co.mz\/?post_type=product&#038;p=1357"},"modified":"2025-09-11T08:56:43","modified_gmt":"2025-09-11T06:56:43","slug":"tarjeta-de-visita","status":"publish","type":"product","link":"https:\/\/visionario.co.mz\/es\/producto\/tarjeta-de-visita\/","title":{"rendered":"Tarjeta de presentaci\u00f3n"},"content":{"rendered":"<p>Prep\u00e1rese para cualquier oportunidad con una tarjeta de presentaci\u00f3n personalizada. Elija un dise\u00f1o que refleje la personalidad de su empresa y usaremos las mejores herramientas para que su presentaci\u00f3n sea la mejor del mercado.<\/p>\n<p>Imprimimos en varios tipos de papel, incluyendo estucado, reciclado, kraft, met\u00e1lico y premium. Puedes personalizar tu tarjeta como quieras, desde esquinas cuadradas est\u00e1ndar hasta esquinas redondeadas.<\/p>\n<p>Y ofrecemos toques finales como laminaci\u00f3n, corte especial y m\u00e1s, garantizando que su tarjeta de presentaci\u00f3n dure m\u00e1s y se utilice siempre que sus clientes potenciales la necesiten.<\/p>\n<p>&nbsp;<\/p>","protected":false},"excerpt":{"rendered":"<p><span>Su negocio es \u00fanico y sus tarjetas de presentaci\u00f3n tambi\u00e9n deber\u00edan serlo. <\/span><span>Prep\u00e1rese para causar una buena primera impresi\u00f3n recompensando a sus clientes habituales con una tarjeta de fidelizaci\u00f3n o proporcionando a los clientes satisfechos su informaci\u00f3n de contacto para que lo recuerden y puedan encontrarlo f\u00e1cilmente la pr\u00f3xima vez. Por eso estamos aqu\u00ed para ayudarle a lucir y sentirse listo para impresionar.<\/span><\/p>","protected":false},"featured_media":1507,"comment_status":"open","ping_status":"closed","template":"","meta":{"_kad_post_transparent":"default","_kad_post_title":"","_kad_post_layout":"default","_kad_post_sidebar_id":"","_kad_post_content_style":"default","_kad_post_vertical_padding":"default","_kad_post_feature":"","_kad_post_feature_position":"","_kad_post_header":false,"_kad_post_footer":false},"product_brand":[],"product_cat":[15,22,21,25,27,23],"product_tag":[],"class_list":{"0":"post-1357","1":"product","2":"type-product","3":"status-publish","4":"has-post-thumbnail","6":"product_cat-personalizados","7":"product_cat-branding","8":"product_cat-design","9":"product_cat-grafica","10":"product_cat-impressao-digital","11":"product_cat-publicidade","13":"first","14":"instock","15":"shipping-taxable","16":"purchasable","17":"product-type-simple","18":"entry","19":"content-bg","20":"loop-entry"},"_links":{"self":[{"href":"https:\/\/visionario.co.mz\/es\/wp-json\/wp\/v2\/product\/1357","targetHints":{"allow":["GET"]}}],"collection":[{"href":"https:\/\/visionario.co.mz\/es\/wp-json\/wp\/v2\/product"}],"about":[{"href":"https:\/\/visionario.co.mz\/es\/wp-json\/wp\/v2\/types\/product"}],"replies":[{"embeddable":true,"href":"https:\/\/visionario.co.mz\/es\/wp-json\/wp\/v2\/comments?post=1357"}],"wp:featuredmedia":[{"embeddable":true,"href":"https:\/\/visionario.co.mz\/es\/wp-json\/wp\/v2\/media\/1507"}],"wp:attachment":[{"href":"https:\/\/visionario.co.mz\/es\/wp-json\/wp\/v2\/media?parent=1357"}],"wp:term":[{"taxonomy":"product_brand","embeddable":true,"href":"https:\/\/visionario.co.mz\/es\/wp-json\/wp\/v2\/product_brand?post=1357"},{"taxonomy":"product_cat","embeddable":true,"href":"https:\/\/visionario.co.mz\/es\/wp-json\/wp\/v2\/product_cat?post=1357"},{"taxonomy":"product_tag","embeddable":true,"href":"https:\/\/visionario.co.mz\/es\/wp-json\/wp\/v2\/product_tag?post=1357"}],"curies":[{"name":"gracias","href":"https:\/\/api.w.org\/{rel}","templated":true}]}}