{"id":1360,"date":"2022-09-07T14:29:47","date_gmt":"2022-09-07T12:29:47","guid":{"rendered":"https:\/\/visionario.co.mz\/?post_type=product&#038;p=1360"},"modified":"2025-09-11T08:57:02","modified_gmt":"2025-09-11T06:57:02","slug":"sombrero-personalizado","status":"publish","type":"product","link":"https:\/\/visionario.co.mz\/es\/producto\/sombrero-personalizado\/","title":{"rendered":"Sombrero personalizado"},"content":{"rendered":"<p><strong><span>Una valla publicitaria port\u00e1til<\/span><\/strong><br \/>\n<span>Las gorras personalizadas se pueden combinar con diferentes atuendos para satisfacer las necesidades de tu marca. Cuentan con una correa ajustable para un ajuste perfecto. Adem\u00e1s, son ideales para crear una imagen uniforme para tu equipo y mantener tu logotipo visible.<\/span><\/p>\n<p><strong><span>\u00a1Visionario listo para ayudarte!<\/span><\/strong><br \/>\n<span>\u00bfListo para crear? Dale tu toque \u00fanico con nuestra experiencia en dise\u00f1o y personaliza una gorra que haga que el nombre de tu empresa destaque. Nuestra tecnolog\u00eda de impresi\u00f3n captura los detalles m\u00e1s sutiles para que tu dise\u00f1o destaque.<\/span><\/p>","protected":false},"excerpt":{"rendered":"<p><span>Agregar su logotipo a las gorras permite que su marca permanezca presente sin importar la ocasi\u00f3n. <\/span><span>Su logotipo colorido lucir\u00e1 vibrante una vez impreso en estas tapas.\u00a0<\/span><span>Adem\u00e1s, los sombreros personalizados son un excelente obsequio para los asistentes a eventos, empleados, clientes potenciales y m\u00e1s.<\/span><\/p>","protected":false},"featured_media":1364,"comment_status":"open","ping_status":"closed","template":"","meta":{"_kad_post_transparent":"default","_kad_post_title":"","_kad_post_layout":"default","_kad_post_sidebar_id":"","_kad_post_content_style":"default","_kad_post_vertical_padding":"default","_kad_post_feature":"","_kad_post_feature_position":"","_kad_post_header":false,"_kad_post_footer":false},"product_brand":[],"product_cat":[15,29,31,25,27,23,24],"product_tag":[],"class_list":{"0":"post-1360","1":"product","2":"type-product","3":"status-publish","4":"has-post-thumbnail","6":"product_cat-personalizados","7":"product_cat-bordados","8":"product_cat-brindes","9":"product_cat-grafica","10":"product_cat-impressao-digital","11":"product_cat-publicidade","12":"product_cat-serigrafia","14":"first","15":"instock","16":"shipping-taxable","17":"purchasable","18":"product-type-variable","19":"entry","20":"content-bg","21":"loop-entry"},"_links":{"self":[{"href":"https:\/\/visionario.co.mz\/es\/wp-json\/wp\/v2\/product\/1360","targetHints":{"allow":["GET"]}}],"collection":[{"href":"https:\/\/visionario.co.mz\/es\/wp-json\/wp\/v2\/product"}],"about":[{"href":"https:\/\/visionario.co.mz\/es\/wp-json\/wp\/v2\/types\/product"}],"replies":[{"embeddable":true,"href":"https:\/\/visionario.co.mz\/es\/wp-json\/wp\/v2\/comments?post=1360"}],"wp:featuredmedia":[{"embeddable":true,"href":"https:\/\/visionario.co.mz\/es\/wp-json\/wp\/v2\/media\/1364"}],"wp:attachment":[{"href":"https:\/\/visionario.co.mz\/es\/wp-json\/wp\/v2\/media?parent=1360"}],"wp:term":[{"taxonomy":"product_brand","embeddable":true,"href":"https:\/\/visionario.co.mz\/es\/wp-json\/wp\/v2\/product_brand?post=1360"},{"taxonomy":"product_cat","embeddable":true,"href":"https:\/\/visionario.co.mz\/es\/wp-json\/wp\/v2\/product_cat?post=1360"},{"taxonomy":"product_tag","embeddable":true,"href":"https:\/\/visionario.co.mz\/es\/wp-json\/wp\/v2\/product_tag?post=1360"}],"curies":[{"name":"gracias","href":"https:\/\/api.w.org\/{rel}","templated":true}]}}