{"id":1368,"date":"2022-09-07T14:47:05","date_gmt":"2022-09-07T12:47:05","guid":{"rendered":"https:\/\/visionario.co.mz\/?post_type=product&#038;p=1368"},"modified":"2022-09-18T20:42:46","modified_gmt":"2022-09-18T18:42:46","slug":"1-x-1-cenador","status":"publish","type":"product","link":"https:\/\/visionario.co.mz\/es\/producto\/1-x-1-cenador\/","title":{"rendered":"Cenador \u2013 1 x 1"},"content":{"rendered":"<p>Cenador de aluminio de 1m x 1m (en una variedad de colores s\u00f3lidos) con bolsa de transporte con cremallera.<br \/>\nPara uso tanto en interiores como en exteriores.<br \/>\nMaterial: Estructura de aluminio anodizado con recubrimiento en polvo, patas hexagonales de 40 mm y brazos transversales de 25,5 x 12,5 mm, deslizadores de PP con pestillo de f\u00e1cil liberaci\u00f3n.<br \/>\nEstructura de techo plano<br \/>\nToldo de lujo (azul, negro, blanco, verde, beige): poli\u00e9ster 100% de 210 g\/m\u00b2, resistente al agua, resistente a la decoloraci\u00f3n por rayos UV (1-2 a\u00f1os), base acr\u00edlica gris tintada para mayor bloqueo y frescura.<br \/>\nToldo est\u00e1ndar (amarillo, rojo): poli\u00e9ster impermeable 100%. Para uso ocasional en exteriores.<\/p>","protected":false},"excerpt":{"rendered":"<p>Carpa completa de aluminio de 1m x 1m con bolsa de transporte con cremallera y en varios colores.<\/p>","protected":false},"featured_media":1370,"comment_status":"open","ping_status":"closed","template":"","meta":{"_kad_post_transparent":"default","_kad_post_title":"","_kad_post_layout":"default","_kad_post_sidebar_id":"","_kad_post_content_style":"default","_kad_post_vertical_padding":"default","_kad_post_feature":"","_kad_post_feature_position":"","_kad_post_header":false,"_kad_post_footer":false},"product_brand":[],"product_cat":[15,22,21,71,25,27,23],"product_tag":[],"class_list":{"0":"post-1368","1":"product","2":"type-product","3":"status-publish","4":"has-post-thumbnail","6":"product_cat-personalizados","7":"product_cat-branding","8":"product_cat-design","9":"product_cat-gazebo","10":"product_cat-grafica","11":"product_cat-impressao-digital","12":"product_cat-publicidade","14":"first","15":"instock","16":"sale","17":"shipping-taxable","18":"purchasable","19":"product-type-simple","20":"entry","21":"content-bg","22":"loop-entry"},"_links":{"self":[{"href":"https:\/\/visionario.co.mz\/es\/wp-json\/wp\/v2\/product\/1368","targetHints":{"allow":["GET"]}}],"collection":[{"href":"https:\/\/visionario.co.mz\/es\/wp-json\/wp\/v2\/product"}],"about":[{"href":"https:\/\/visionario.co.mz\/es\/wp-json\/wp\/v2\/types\/product"}],"replies":[{"embeddable":true,"href":"https:\/\/visionario.co.mz\/es\/wp-json\/wp\/v2\/comments?post=1368"}],"wp:featuredmedia":[{"embeddable":true,"href":"https:\/\/visionario.co.mz\/es\/wp-json\/wp\/v2\/media\/1370"}],"wp:attachment":[{"href":"https:\/\/visionario.co.mz\/es\/wp-json\/wp\/v2\/media?parent=1368"}],"wp:term":[{"taxonomy":"product_brand","embeddable":true,"href":"https:\/\/visionario.co.mz\/es\/wp-json\/wp\/v2\/product_brand?post=1368"},{"taxonomy":"product_cat","embeddable":true,"href":"https:\/\/visionario.co.mz\/es\/wp-json\/wp\/v2\/product_cat?post=1368"},{"taxonomy":"product_tag","embeddable":true,"href":"https:\/\/visionario.co.mz\/es\/wp-json\/wp\/v2\/product_tag?post=1368"}],"curies":[{"name":"gracias","href":"https:\/\/api.w.org\/{rel}","templated":true}]}}