{"id":1374,"date":"2022-09-07T15:06:50","date_gmt":"2022-09-07T13:06:50","guid":{"rendered":"https:\/\/visionario.co.mz\/?post_type=product&#038;p=1374"},"modified":"2022-09-18T21:00:45","modified_gmt":"2022-09-18T19:00:45","slug":"cenador-2-x-2","status":"publish","type":"product","link":"https:\/\/visionario.co.mz\/es\/producto\/cenador-2-x-2\/","title":{"rendered":"Gazebo \u2013 2 x 2"},"content":{"rendered":"<p>Descripci\u00f3n<br \/>\nEstructura de cenador de aluminio de 2 m x 2 m<br \/>\nPara uso en exteriores: resistente y construido para durar toda la vida.<br \/>\nF\u00e1cil de montar y ligero: 11,85 kg.<br \/>\nMaterial: Estructura de aluminio anodizado con recubrimiento en polvo, patas hexagonales de 40 mm y brazos transversales de 25,5 x 12,5 mm, deslizadores de PP con pestillo de f\u00e1cil liberaci\u00f3n.<br \/>\nEstructura de techo inclinado con enrollador para tensi\u00f3n del dosel<br \/>\nNo debe utilizarse como estructura permanente.<br \/>\nConsulte la pol\u00edtica de reparaci\u00f3n para obtener una garant\u00eda de reparaci\u00f3n de 5 a\u00f1os<\/p>\n<p>&nbsp;<\/p>","protected":false},"excerpt":{"rendered":"<p>Estructura de cenador de aluminio de 2 m x 2 m. Para uso en exteriores: robusta y duradera. F\u00e1cil de montar y ligera.<\/p>","protected":false},"featured_media":1376,"comment_status":"open","ping_status":"closed","template":"","meta":{"_kad_post_transparent":"default","_kad_post_title":"","_kad_post_layout":"default","_kad_post_sidebar_id":"","_kad_post_content_style":"default","_kad_post_vertical_padding":"default","_kad_post_feature":"","_kad_post_feature_position":"","_kad_post_header":false,"_kad_post_footer":false},"product_brand":[],"product_cat":[15,22,21,71,25,27,23],"product_tag":[],"class_list":{"0":"post-1374","1":"product","2":"type-product","3":"status-publish","4":"has-post-thumbnail","6":"product_cat-personalizados","7":"product_cat-branding","8":"product_cat-design","9":"product_cat-gazebo","10":"product_cat-grafica","11":"product_cat-impressao-digital","12":"product_cat-publicidade","14":"first","15":"instock","16":"sale","17":"shipping-taxable","18":"purchasable","19":"product-type-simple","20":"entry","21":"content-bg","22":"loop-entry"},"_links":{"self":[{"href":"https:\/\/visionario.co.mz\/es\/wp-json\/wp\/v2\/product\/1374","targetHints":{"allow":["GET"]}}],"collection":[{"href":"https:\/\/visionario.co.mz\/es\/wp-json\/wp\/v2\/product"}],"about":[{"href":"https:\/\/visionario.co.mz\/es\/wp-json\/wp\/v2\/types\/product"}],"replies":[{"embeddable":true,"href":"https:\/\/visionario.co.mz\/es\/wp-json\/wp\/v2\/comments?post=1374"}],"wp:featuredmedia":[{"embeddable":true,"href":"https:\/\/visionario.co.mz\/es\/wp-json\/wp\/v2\/media\/1376"}],"wp:attachment":[{"href":"https:\/\/visionario.co.mz\/es\/wp-json\/wp\/v2\/media?parent=1374"}],"wp:term":[{"taxonomy":"product_brand","embeddable":true,"href":"https:\/\/visionario.co.mz\/es\/wp-json\/wp\/v2\/product_brand?post=1374"},{"taxonomy":"product_cat","embeddable":true,"href":"https:\/\/visionario.co.mz\/es\/wp-json\/wp\/v2\/product_cat?post=1374"},{"taxonomy":"product_tag","embeddable":true,"href":"https:\/\/visionario.co.mz\/es\/wp-json\/wp\/v2\/product_tag?post=1374"}],"curies":[{"name":"gracias","href":"https:\/\/api.w.org\/{rel}","templated":true}]}}