{"id":1383,"date":"2022-09-07T15:54:20","date_gmt":"2022-09-07T13:54:20","guid":{"rendered":"https:\/\/visionario.co.mz\/?post_type=product&#038;p=1383"},"modified":"2022-09-18T21:19:18","modified_gmt":"2022-09-18T19:19:18","slug":"cenador-de-3-x-3","status":"publish","type":"product","link":"https:\/\/visionario.co.mz\/es\/producto\/cenador-de-3-x-3\/","title":{"rendered":"Gazebo \u2013 3 x 3"},"content":{"rendered":"<p>-El tama\u00f1o de gazebo m\u00e1s popular: Gazebo con marco de aluminio de 3 m x 3 m<br \/>\n\u2013 Para uso en exteriores: resistente y construido para durar toda la vida.<br \/>\n\u2013 F\u00e1cil de levantar y ligero \u2013 14,69 kg<br \/>\n\u2013 Material: Estructura de aluminio anodizado con recubrimiento en polvo, patas hexagonales de 40 mm y brazos transversales de 25,5 x 12,5 mm, deslizadores de PP con pestillo de f\u00e1cil liberaci\u00f3n.<br \/>\n\u2013 Estructura de techo inclinado con enrollador para tensi\u00f3n del dosel<br \/>\n\u2013 No debe utilizarse como estructura permanente.<br \/>\n\u2013 Consulte la Pol\u00edtica de reparaci\u00f3n para obtener una garant\u00eda de reparaci\u00f3n de 5 a\u00f1os<\/p>","protected":false},"excerpt":{"rendered":"<p>El tama\u00f1o de cenador m\u00e1s popular: estructura de aluminio de 3 m x 3 m. Para exteriores, robusto y duradero.<\/p>","protected":false},"featured_media":1384,"comment_status":"open","ping_status":"closed","template":"","meta":{"_kad_post_transparent":"default","_kad_post_title":"","_kad_post_layout":"default","_kad_post_sidebar_id":"","_kad_post_content_style":"default","_kad_post_vertical_padding":"default","_kad_post_feature":"","_kad_post_feature_position":"","_kad_post_header":false,"_kad_post_footer":false},"product_brand":[],"product_cat":[15,22,21,71,25,27,23],"product_tag":[70],"class_list":{"0":"post-1383","1":"product","2":"type-product","3":"status-publish","4":"has-post-thumbnail","6":"product_cat-personalizados","7":"product_cat-branding","8":"product_cat-design","9":"product_cat-gazebo","10":"product_cat-grafica","11":"product_cat-impressao-digital","12":"product_cat-publicidade","13":"product_tag-gazebo","15":"first","16":"instock","17":"sale","18":"shipping-taxable","19":"purchasable","20":"product-type-simple","21":"entry","22":"content-bg","23":"loop-entry"},"_links":{"self":[{"href":"https:\/\/visionario.co.mz\/es\/wp-json\/wp\/v2\/product\/1383","targetHints":{"allow":["GET"]}}],"collection":[{"href":"https:\/\/visionario.co.mz\/es\/wp-json\/wp\/v2\/product"}],"about":[{"href":"https:\/\/visionario.co.mz\/es\/wp-json\/wp\/v2\/types\/product"}],"replies":[{"embeddable":true,"href":"https:\/\/visionario.co.mz\/es\/wp-json\/wp\/v2\/comments?post=1383"}],"wp:featuredmedia":[{"embeddable":true,"href":"https:\/\/visionario.co.mz\/es\/wp-json\/wp\/v2\/media\/1384"}],"wp:attachment":[{"href":"https:\/\/visionario.co.mz\/es\/wp-json\/wp\/v2\/media?parent=1383"}],"wp:term":[{"taxonomy":"product_brand","embeddable":true,"href":"https:\/\/visionario.co.mz\/es\/wp-json\/wp\/v2\/product_brand?post=1383"},{"taxonomy":"product_cat","embeddable":true,"href":"https:\/\/visionario.co.mz\/es\/wp-json\/wp\/v2\/product_cat?post=1383"},{"taxonomy":"product_tag","embeddable":true,"href":"https:\/\/visionario.co.mz\/es\/wp-json\/wp\/v2\/product_tag?post=1383"}],"curies":[{"name":"gracias","href":"https:\/\/api.w.org\/{rel}","templated":true}]}}