{"id":1509,"date":"2022-09-18T20:15:38","date_gmt":"2022-09-18T18:15:38","guid":{"rendered":"https:\/\/visionario.co.mz\/?post_type=product&#038;p=1509"},"modified":"2025-09-11T08:57:55","modified_gmt":"2025-09-11T06:57:55","slug":"stand-promocional","status":"publish","type":"product","link":"https:\/\/visionario.co.mz\/es\/producto\/stand-promocional\/","title":{"rendered":"Stand promocional"},"content":{"rendered":"<p class=\"cat-intro\"><span>Las empresas tambi\u00e9n utilizan podios port\u00e1tiles para ferias comerciales para crear una presencia m\u00e1s profesional en sus reuniones o eventos. Las opciones m\u00e1s populares incluyen los de tela tensada, los plegables y los retroiluminados.<\/span><\/p>\n<ul class=\"why-buy-from-us-list\">\n<li><span>Mejores precios garantizados<\/span><\/li>\n<li><span><span>Disponibles en estilos de tela tensada, emergente, con podio y retroiluminado.<\/span><\/span><\/li>\n<li><span><span>Ovalada, recta, curva o en forma de S, regular o de altura de mostrador.<\/span><\/span><\/li>\n<li><span><span>Marco de m\u00e1xima calidad con tejido sublimado de primera calidad.<\/span><\/span><\/li>\n<li><span><span>Bolsa de transporte gratuita.<\/span><\/span><\/li>\n<\/ul>","protected":false},"excerpt":{"rendered":"<p>Los stands o mostradores promocionales son expositores port\u00e1tiles con dise\u00f1os personalizados. Los mostradores personalizados para ferias comerciales a\u00f1aden un toque elegante y funcional a la presentaci\u00f3n de sus productos, creando un ambiente acogedor para la recepci\u00f3n o una demostraci\u00f3n de productos.<\/p>","protected":false},"featured_media":1510,"comment_status":"open","ping_status":"closed","template":"","meta":{"_kad_post_transparent":"default","_kad_post_title":"","_kad_post_layout":"default","_kad_post_sidebar_id":"","_kad_post_content_style":"default","_kad_post_vertical_padding":"default","_kad_post_feature":"","_kad_post_feature_position":"","_kad_post_header":false,"_kad_post_footer":false},"product_brand":[],"product_cat":[15,22,21,25,27,23],"product_tag":[],"class_list":{"0":"post-1509","1":"product","2":"type-product","3":"status-publish","4":"has-post-thumbnail","6":"product_cat-personalizados","7":"product_cat-branding","8":"product_cat-design","9":"product_cat-grafica","10":"product_cat-impressao-digital","11":"product_cat-publicidade","13":"first","14":"instock","15":"shipping-taxable","16":"purchasable","17":"product-type-simple","18":"entry","19":"content-bg","20":"loop-entry"},"_links":{"self":[{"href":"https:\/\/visionario.co.mz\/es\/wp-json\/wp\/v2\/product\/1509","targetHints":{"allow":["GET"]}}],"collection":[{"href":"https:\/\/visionario.co.mz\/es\/wp-json\/wp\/v2\/product"}],"about":[{"href":"https:\/\/visionario.co.mz\/es\/wp-json\/wp\/v2\/types\/product"}],"replies":[{"embeddable":true,"href":"https:\/\/visionario.co.mz\/es\/wp-json\/wp\/v2\/comments?post=1509"}],"wp:featuredmedia":[{"embeddable":true,"href":"https:\/\/visionario.co.mz\/es\/wp-json\/wp\/v2\/media\/1510"}],"wp:attachment":[{"href":"https:\/\/visionario.co.mz\/es\/wp-json\/wp\/v2\/media?parent=1509"}],"wp:term":[{"taxonomy":"product_brand","embeddable":true,"href":"https:\/\/visionario.co.mz\/es\/wp-json\/wp\/v2\/product_brand?post=1509"},{"taxonomy":"product_cat","embeddable":true,"href":"https:\/\/visionario.co.mz\/es\/wp-json\/wp\/v2\/product_cat?post=1509"},{"taxonomy":"product_tag","embeddable":true,"href":"https:\/\/visionario.co.mz\/es\/wp-json\/wp\/v2\/product_tag?post=1509"}],"curies":[{"name":"gracias","href":"https:\/\/api.w.org\/{rel}","templated":true}]}}