{"id":197,"date":"2022-05-27T20:09:41","date_gmt":"2022-05-27T18:09:41","guid":{"rendered":"https:\/\/visionario.co.mz\/?post_type=product&#038;p=197"},"modified":"2025-07-10T05:34:19","modified_gmt":"2025-07-10T03:34:19","slug":"calendario","status":"publish","type":"product","link":"https:\/\/visionario.co.mz\/es\/producto\/calendario\/","title":{"rendered":"Calendario"},"content":{"rendered":"<p>Los calendarios son materiales gr\u00e1ficos impresos seg\u00fan el dise\u00f1o que elijas, lo que resulta en productos \u00fanicos para cada cliente y ocasi\u00f3n. Disponemos de una variedad de modelos, desde calendarios de pared y de escritorio hasta calendarios de bolsillo y calendarios en formatos \u00fanicos, como pir\u00e1mides y cubos. \u00a1Descubre todos los modelos y aumenta tus ventas con nuestra incre\u00edble variedad de productos!<\/p>","protected":false},"excerpt":{"rendered":"<p>EL\u00a0<b>Calendario<\/b>\u00a0es fant\u00e1stico\u00a0<b>herramienta de divulgaci\u00f3n a largo plazo<\/b>\u00a0para empresas de las m\u00e1s\u00a0<b>diversas \u00e1reas de actividad<\/b>, como supermercados, ferias, quioscos, panader\u00edas, proveedores de servicios y muchos otros establecimientos que utilizan el Calendario como\u00a0<b>regalo para expandir, fortalecer tu marca<\/b>\u00a0y retener clientes<\/p>","protected":false},"featured_media":204,"comment_status":"open","ping_status":"closed","template":"","meta":{"_kad_post_transparent":"default","_kad_post_title":"","_kad_post_layout":"default","_kad_post_sidebar_id":"","_kad_post_content_style":"default","_kad_post_vertical_padding":"default","_kad_post_feature":"","_kad_post_feature_position":"","_kad_post_header":false,"_kad_post_footer":false},"product_brand":[],"product_cat":[15,25,27],"product_tag":[],"class_list":{"0":"post-197","1":"product","2":"type-product","3":"status-publish","4":"has-post-thumbnail","6":"product_cat-personalizados","7":"product_cat-grafica","8":"product_cat-impressao-digital","10":"first","11":"instock","12":"shipping-taxable","13":"purchasable","14":"product-type-simple","15":"entry","16":"content-bg","17":"loop-entry"},"_links":{"self":[{"href":"https:\/\/visionario.co.mz\/es\/wp-json\/wp\/v2\/product\/197","targetHints":{"allow":["GET"]}}],"collection":[{"href":"https:\/\/visionario.co.mz\/es\/wp-json\/wp\/v2\/product"}],"about":[{"href":"https:\/\/visionario.co.mz\/es\/wp-json\/wp\/v2\/types\/product"}],"replies":[{"embeddable":true,"href":"https:\/\/visionario.co.mz\/es\/wp-json\/wp\/v2\/comments?post=197"}],"wp:featuredmedia":[{"embeddable":true,"href":"https:\/\/visionario.co.mz\/es\/wp-json\/wp\/v2\/media\/204"}],"wp:attachment":[{"href":"https:\/\/visionario.co.mz\/es\/wp-json\/wp\/v2\/media?parent=197"}],"wp:term":[{"taxonomy":"product_brand","embeddable":true,"href":"https:\/\/visionario.co.mz\/es\/wp-json\/wp\/v2\/product_brand?post=197"},{"taxonomy":"product_cat","embeddable":true,"href":"https:\/\/visionario.co.mz\/es\/wp-json\/wp\/v2\/product_cat?post=197"},{"taxonomy":"product_tag","embeddable":true,"href":"https:\/\/visionario.co.mz\/es\/wp-json\/wp\/v2\/product_tag?post=197"}],"curies":[{"name":"gracias","href":"https:\/\/api.w.org\/{rel}","templated":true}]}}