{"id":217,"date":"2022-05-31T15:29:02","date_gmt":"2022-05-31T13:29:02","guid":{"rendered":"https:\/\/visionario.co.mz\/?post_type=product&#038;p=217"},"modified":"2025-09-11T08:56:07","modified_gmt":"2025-09-11T06:56:07","slug":"camiseta-personalizada","status":"publish","type":"product","link":"https:\/\/visionario.co.mz\/es\/producto\/camiseta-personalizada\/","title":{"rendered":"Camiseta personalizada"},"content":{"rendered":"<p>Recomendamos por ejemplo camisetas confeccionadas en algod\u00f3n 100% para que aporten durabilidad, resistencia y comodidad en el uso, pues si bien realizamos la mejor impresi\u00f3n<\/p>\n<p>Vision\u00e1rio presta atenci\u00f3n a cada detalle de sus materiales, desde la fabricaci\u00f3n del producto hasta el embalaje.<\/p>\n<p>&nbsp;<\/p>","protected":false},"excerpt":{"rendered":"<p>Las camisetas personalizadas son uno de los productos que utilizan las empresas para campa\u00f1as promocionales o para que los empleados las usen para representar a la instituci\u00f3n.<\/p>\n<p>Tambi\u00e9n es un regalo que se puede ofrecer a alguien como recuerdo de un momento especial.<\/p>\n<p>Personalizamos todo tipo de camisetas: cuello redondo, cuello pico, marca Polo y mucho m\u00e1s.<\/p>","protected":false},"featured_media":205,"comment_status":"open","ping_status":"closed","template":"","meta":{"_kad_post_transparent":"default","_kad_post_title":"","_kad_post_layout":"default","_kad_post_sidebar_id":"","_kad_post_content_style":"default","_kad_post_vertical_padding":"default","_kad_post_feature":"","_kad_post_feature_position":"","_kad_post_header":false,"_kad_post_footer":false},"product_brand":[],"product_cat":[15,29,30,25,24],"product_tag":[],"class_list":{"0":"post-217","1":"product","2":"type-product","3":"status-publish","4":"has-post-thumbnail","6":"product_cat-personalizados","7":"product_cat-bordados","8":"product_cat-estampagem","9":"product_cat-grafica","10":"product_cat-serigrafia","12":"first","13":"instock","14":"sale","15":"shipping-taxable","16":"purchasable","17":"product-type-variable","18":"entry","19":"content-bg","20":"loop-entry"},"_links":{"self":[{"href":"https:\/\/visionario.co.mz\/es\/wp-json\/wp\/v2\/product\/217","targetHints":{"allow":["GET"]}}],"collection":[{"href":"https:\/\/visionario.co.mz\/es\/wp-json\/wp\/v2\/product"}],"about":[{"href":"https:\/\/visionario.co.mz\/es\/wp-json\/wp\/v2\/types\/product"}],"replies":[{"embeddable":true,"href":"https:\/\/visionario.co.mz\/es\/wp-json\/wp\/v2\/comments?post=217"}],"wp:featuredmedia":[{"embeddable":true,"href":"https:\/\/visionario.co.mz\/es\/wp-json\/wp\/v2\/media\/205"}],"wp:attachment":[{"href":"https:\/\/visionario.co.mz\/es\/wp-json\/wp\/v2\/media?parent=217"}],"wp:term":[{"taxonomy":"product_brand","embeddable":true,"href":"https:\/\/visionario.co.mz\/es\/wp-json\/wp\/v2\/product_brand?post=217"},{"taxonomy":"product_cat","embeddable":true,"href":"https:\/\/visionario.co.mz\/es\/wp-json\/wp\/v2\/product_cat?post=217"},{"taxonomy":"product_tag","embeddable":true,"href":"https:\/\/visionario.co.mz\/es\/wp-json\/wp\/v2\/product_tag?post=217"}],"curies":[{"name":"gracias","href":"https:\/\/api.w.org\/{rel}","templated":true}]}}