{"id":227,"date":"2022-05-31T15:35:22","date_gmt":"2022-05-31T13:35:22","guid":{"rendered":"https:\/\/visionario.co.mz\/?post_type=product&#038;p=227"},"modified":"2025-08-04T10:31:04","modified_gmt":"2025-08-04T08:31:04","slug":"bloc","status":"publish","type":"product","link":"https:\/\/visionario.co.mz\/es\/producto\/bloc\/","title":{"rendered":"Bloc"},"content":{"rendered":"<p>Fabricamos blocs de notas en formato A4 o A5 para quienes deseen tomar notas personales, para el trabajo o para regalar. Por lo tanto, es importante determinar el tama\u00f1o ideal para sus necesidades.<\/p>\n<p>Este producto es ideal para ayudarle a registrar ideas, contactos y otra informaci\u00f3n.<\/p>\n<p>S\u00f3lo visionario<b> Gr\u00e1ficos y serigraf\u00eda<\/b>\u00a0te ofrece:<\/p>\n<ul>\n<li>Precios asequibles;<\/li>\n<li>Impresi\u00f3n de gran calidad;<\/li>\n<li>Producci\u00f3n y entrega r\u00e1pida;<\/li>\n<li>Satisfacci\u00f3n de sus clientes y empleados<\/li>\n<\/ul>","protected":false},"excerpt":{"rendered":"<p>El bloc de notas se puede usar tanto para fines personales como profesionales, para tomar notas r\u00e1pidas. Puede ser utilizado por <b>comerciantes, oficinas y empresas<\/b>\u00a0de otros segmentos, que lo distribuyen a sus empleados, socios comerciales, clientes y proveedores, manteniendo as\u00ed la identidad visual de la marca.<\/p>","protected":false},"featured_media":201,"comment_status":"open","ping_status":"closed","template":"","meta":{"_kad_post_transparent":"default","_kad_post_title":"","_kad_post_layout":"default","_kad_post_sidebar_id":"","_kad_post_content_style":"default","_kad_post_vertical_padding":"default","_kad_post_feature":"","_kad_post_feature_position":"","_kad_post_header":false,"_kad_post_footer":false},"product_brand":[],"product_cat":[15,25,27],"product_tag":[],"class_list":{"0":"post-227","1":"product","2":"type-product","3":"status-publish","4":"has-post-thumbnail","6":"product_cat-personalizados","7":"product_cat-grafica","8":"product_cat-impressao-digital","10":"first","11":"instock","12":"sale","13":"shipping-taxable","14":"purchasable","15":"product-type-variable","16":"entry","17":"content-bg","18":"loop-entry"},"_links":{"self":[{"href":"https:\/\/visionario.co.mz\/es\/wp-json\/wp\/v2\/product\/227","targetHints":{"allow":["GET"]}}],"collection":[{"href":"https:\/\/visionario.co.mz\/es\/wp-json\/wp\/v2\/product"}],"about":[{"href":"https:\/\/visionario.co.mz\/es\/wp-json\/wp\/v2\/types\/product"}],"replies":[{"embeddable":true,"href":"https:\/\/visionario.co.mz\/es\/wp-json\/wp\/v2\/comments?post=227"}],"wp:featuredmedia":[{"embeddable":true,"href":"https:\/\/visionario.co.mz\/es\/wp-json\/wp\/v2\/media\/201"}],"wp:attachment":[{"href":"https:\/\/visionario.co.mz\/es\/wp-json\/wp\/v2\/media?parent=227"}],"wp:term":[{"taxonomy":"product_brand","embeddable":true,"href":"https:\/\/visionario.co.mz\/es\/wp-json\/wp\/v2\/product_brand?post=227"},{"taxonomy":"product_cat","embeddable":true,"href":"https:\/\/visionario.co.mz\/es\/wp-json\/wp\/v2\/product_cat?post=227"},{"taxonomy":"product_tag","embeddable":true,"href":"https:\/\/visionario.co.mz\/es\/wp-json\/wp\/v2\/product_tag?post=227"}],"curies":[{"name":"gracias","href":"https:\/\/api.w.org\/{rel}","templated":true}]}}