{"id":231,"date":"2022-05-31T16:14:47","date_gmt":"2022-05-31T14:14:47","guid":{"rendered":"https:\/\/visionario.co.mz\/?post_type=product&#038;p=231"},"modified":"2024-07-24T07:00:33","modified_gmt":"2024-07-24T05:00:33","slug":"taza-personalizada","status":"publish","type":"product","link":"https:\/\/visionario.co.mz\/es\/producto\/taza-personalizada\/","title":{"rendered":"Taza personalizada"},"content":{"rendered":"<p><strong>Que tengas una linda ma\u00f1ana<\/strong><br \/>\n\u00bfPor qu\u00e9 no disfrutar de ese primer sorbo de algo caliente por la ma\u00f1ana? \u00bfHay algo mejor? \u00bfQu\u00e9 tal tu caf\u00e9 o t\u00e9 en una taza personalizada? B\u00e9belo mientras ves fotos de tus hijos o mascotas, un mensaje que sea una broma privada o simplemente un dise\u00f1o divertido que te encante. En nuestra opini\u00f3n, todos ganan.<\/p>\n<p><strong>Un regalo para todos<\/strong><br \/>\nSi buscas un regalo especial para estas fiestas o cumplea\u00f1os, las tazas personalizadas con foto son perfectas para todos. Econ\u00f3micas y f\u00e1ciles de personalizar, son un regalo ideal para familiares, amigos e incluso compa\u00f1eros de trabajo. Una taza personalizada para beb\u00e9 (o mascota) ser\u00e1 un regalo muy especial para los abuelos, y tambi\u00e9n para los due\u00f1os de mascotas. \u00bfQuieres darle un toque especial? A\u00f1ade una frase divertida o una foto divertida que les sacar\u00e1 una sonrisa mientras beben.<\/p>\n<p><strong>Crear es f\u00e1cil<\/strong><br \/>\nCrear una taza impresa es tan f\u00e1cil como disfrutarla. Para empezar, explora nuestra galer\u00eda de opciones de dise\u00f1o totalmente personalizables. (\u00bfYa tienes un dise\u00f1o? Puedes envi\u00e1rnoslo por WhatsApp o a trav\u00e9s de nuestra p\u00e1gina de contacto: visionario.co.mz\/contato. Una vez que encuentres tu favorito, personal\u00edzalo a\u00f1adiendo tus datos y eligiendo tus colores favoritos. Nos encargamos del resto y tu taza estar\u00e1 lista para usar o regalar en tan solo unos d\u00edas).<\/p>","protected":false},"excerpt":{"rendered":"<p>No hay nada mejor que una taza personalizada que te acompa\u00f1e cada ma\u00f1ana y te garantice manos y corazones c\u00e1lidos con fotos, mensajes o tu dise\u00f1o favorito.<\/p>","protected":false},"featured_media":209,"comment_status":"open","ping_status":"closed","template":"","meta":{"_kad_post_transparent":"default","_kad_post_title":"","_kad_post_layout":"default","_kad_post_sidebar_id":"","_kad_post_content_style":"default","_kad_post_vertical_padding":"default","_kad_post_feature":"","_kad_post_feature_position":"","_kad_post_header":false,"_kad_post_footer":false},"product_brand":[],"product_cat":[15,31],"product_tag":[44],"class_list":{"0":"post-231","1":"product","2":"type-product","3":"status-publish","4":"has-post-thumbnail","6":"product_cat-personalizados","7":"product_cat-brindes","8":"product_tag-caneca-personalizada","10":"first","11":"instock","12":"sale","13":"shipping-taxable","14":"purchasable","15":"product-type-variable","16":"entry","17":"content-bg","18":"loop-entry"},"_links":{"self":[{"href":"https:\/\/visionario.co.mz\/es\/wp-json\/wp\/v2\/product\/231","targetHints":{"allow":["GET"]}}],"collection":[{"href":"https:\/\/visionario.co.mz\/es\/wp-json\/wp\/v2\/product"}],"about":[{"href":"https:\/\/visionario.co.mz\/es\/wp-json\/wp\/v2\/types\/product"}],"replies":[{"embeddable":true,"href":"https:\/\/visionario.co.mz\/es\/wp-json\/wp\/v2\/comments?post=231"}],"wp:featuredmedia":[{"embeddable":true,"href":"https:\/\/visionario.co.mz\/es\/wp-json\/wp\/v2\/media\/209"}],"wp:attachment":[{"href":"https:\/\/visionario.co.mz\/es\/wp-json\/wp\/v2\/media?parent=231"}],"wp:term":[{"taxonomy":"product_brand","embeddable":true,"href":"https:\/\/visionario.co.mz\/es\/wp-json\/wp\/v2\/product_brand?post=231"},{"taxonomy":"product_cat","embeddable":true,"href":"https:\/\/visionario.co.mz\/es\/wp-json\/wp\/v2\/product_cat?post=231"},{"taxonomy":"product_tag","embeddable":true,"href":"https:\/\/visionario.co.mz\/es\/wp-json\/wp\/v2\/product_tag?post=231"}],"curies":[{"name":"gracias","href":"https:\/\/api.w.org\/{rel}","templated":true}]}}