{"id":234,"date":"2022-05-31T16:34:38","date_gmt":"2022-05-31T14:34:38","guid":{"rendered":"https:\/\/visionario.co.mz\/?post_type=product&#038;p=234"},"modified":"2025-07-30T09:06:58","modified_gmt":"2025-07-30T07:06:58","slug":"insignia","status":"publish","type":"product","link":"https:\/\/visionario.co.mz\/es\/producto\/insignia\/","title":{"rendered":"Insignia"},"content":{"rendered":"<p><span>Los cordones y las etiquetas identificativas personalizadas ayudan a identificar a las personas que visitan sus instalaciones, ideales tanto para empleados como para visitantes. Nuestros portaetiquetas y cordones personalizados se pueden sujetar a la camisa o llevar colgados del cuello. Son \u00fatiles para que los clientes reconozcan a su personal y tambi\u00e9n mejoran la seguridad. Considere incluir cordones con su marca en los paquetes de bienvenida para los nuevos miembros del equipo. Con una amplia variedad de colores, es f\u00e1cil encontrar uno que complemente su logotipo.<\/span><\/p>\n<p><span>Una vez que hayas seleccionado tu lanyard o credencial favorita, a\u00f1ade toques personalizados con nuestro servicio de impresi\u00f3n y serigraf\u00eda. Puedes a\u00f1adir nombres, cargos, tu logotipo y el nombre de tu empresa a tus lanyards impresos. Despu\u00e9s, daremos vida a tu dise\u00f1o. Tus credenciales personalizadas llegar\u00e1n listas para usar.<\/span><\/p>\n<p>&nbsp;<\/p>","protected":false},"excerpt":{"rendered":"<p><span>\u00bfEst\u00e1s buscando personalizar un elemento pr\u00e1ctico que tu equipo pueda usar todos los d\u00edas?\u00a0<\/span><span>Los cordones y etiquetas de nombre personalizados mejoran el reconocimiento de la marca y crean una apariencia profesional y cohesiva para su equipo o los visitantes de su lugar de trabajo.<\/span><\/p>","protected":false},"featured_media":212,"comment_status":"open","ping_status":"closed","template":"","meta":{"_kad_post_transparent":"default","_kad_post_title":"","_kad_post_layout":"default","_kad_post_sidebar_id":"","_kad_post_content_style":"default","_kad_post_vertical_padding":"default","_kad_post_feature":"","_kad_post_feature_position":"","_kad_post_header":false,"_kad_post_footer":false},"product_brand":[],"product_cat":[22,21,25,27],"product_tag":[],"class_list":{"0":"post-234","1":"product","2":"type-product","3":"status-publish","4":"has-post-thumbnail","6":"product_cat-branding","7":"product_cat-design","8":"product_cat-grafica","9":"product_cat-impressao-digital","11":"first","12":"instock","13":"sale","14":"shipping-taxable","15":"purchasable","16":"product-type-simple","17":"entry","18":"content-bg","19":"loop-entry"},"_links":{"self":[{"href":"https:\/\/visionario.co.mz\/es\/wp-json\/wp\/v2\/product\/234","targetHints":{"allow":["GET"]}}],"collection":[{"href":"https:\/\/visionario.co.mz\/es\/wp-json\/wp\/v2\/product"}],"about":[{"href":"https:\/\/visionario.co.mz\/es\/wp-json\/wp\/v2\/types\/product"}],"replies":[{"embeddable":true,"href":"https:\/\/visionario.co.mz\/es\/wp-json\/wp\/v2\/comments?post=234"}],"wp:featuredmedia":[{"embeddable":true,"href":"https:\/\/visionario.co.mz\/es\/wp-json\/wp\/v2\/media\/212"}],"wp:attachment":[{"href":"https:\/\/visionario.co.mz\/es\/wp-json\/wp\/v2\/media?parent=234"}],"wp:term":[{"taxonomy":"product_brand","embeddable":true,"href":"https:\/\/visionario.co.mz\/es\/wp-json\/wp\/v2\/product_brand?post=234"},{"taxonomy":"product_cat","embeddable":true,"href":"https:\/\/visionario.co.mz\/es\/wp-json\/wp\/v2\/product_cat?post=234"},{"taxonomy":"product_tag","embeddable":true,"href":"https:\/\/visionario.co.mz\/es\/wp-json\/wp\/v2\/product_tag?post=234"}],"curies":[{"name":"gracias","href":"https:\/\/api.w.org\/{rel}","templated":true}]}}