{"id":235,"date":"2022-05-31T18:37:28","date_gmt":"2022-05-31T16:37:28","guid":{"rendered":"https:\/\/visionario.co.mz\/?post_type=product&#038;p=235"},"modified":"2025-08-04T10:30:46","modified_gmt":"2025-08-04T08:30:46","slug":"orden-del-dia","status":"publish","type":"product","link":"https:\/\/visionario.co.mz\/es\/producto\/orden-del-dia\/","title":{"rendered":"Orden del d\u00eda"},"content":{"rendered":"<p>La agenda personalizada elaborada por Vision\u00e1rio Gr\u00e1fica e Serigrafia es una de las mejores calidades que puedes encontrar en el mercado mozambique\u00f1o porque garantiza:<\/p>\n<ul>\n<li>Personalizaci\u00f3n seg\u00fan tus necesidades (esto es muy \u00fatil para instituciones educativas, marcas y emprendedores, ya que con la libertad en la creaci\u00f3n gr\u00e1fica es posible agregar datos de contacto, logotipos, redes sociales e im\u00e1genes a la agenda);<\/li>\n<li>Bien dise\u00f1ado con las herramientas adecuadas para presentar su marca con toda la calidad necesaria;<\/li>\n<li>Un regalo altamente personalizado que prioriza la calidad, desde la elecci\u00f3n del dise\u00f1o y los materiales hasta la impresi\u00f3n personalizada.<\/li>\n<\/ul>","protected":false},"excerpt":{"rendered":"<p>Personalice su agenda con la marca, los colores y las texturas de su empresa para premiar a clientes o empleados leales, asegur\u00e1ndose de permanecer presente en la vida diaria de quienes se conectan con su empresa.<\/p>","protected":false},"featured_media":236,"comment_status":"open","ping_status":"closed","template":"","meta":{"_kad_post_transparent":"default","_kad_post_title":"","_kad_post_layout":"default","_kad_post_sidebar_id":"","_kad_post_content_style":"default","_kad_post_vertical_padding":"default","_kad_post_feature":"","_kad_post_feature_position":"","_kad_post_header":false,"_kad_post_footer":false},"product_brand":[],"product_cat":[15,22,31,21,25,27,26,23],"product_tag":[],"class_list":{"0":"post-235","1":"product","2":"type-product","3":"status-publish","4":"has-post-thumbnail","6":"product_cat-personalizados","7":"product_cat-branding","8":"product_cat-brindes","9":"product_cat-design","10":"product_cat-grafica","11":"product_cat-impressao-digital","12":"product_cat-livreto","13":"product_cat-publicidade","15":"first","16":"instock","17":"sale","18":"shipping-taxable","19":"purchasable","20":"product-type-simple","21":"entry","22":"content-bg","23":"loop-entry"},"_links":{"self":[{"href":"https:\/\/visionario.co.mz\/es\/wp-json\/wp\/v2\/product\/235","targetHints":{"allow":["GET"]}}],"collection":[{"href":"https:\/\/visionario.co.mz\/es\/wp-json\/wp\/v2\/product"}],"about":[{"href":"https:\/\/visionario.co.mz\/es\/wp-json\/wp\/v2\/types\/product"}],"replies":[{"embeddable":true,"href":"https:\/\/visionario.co.mz\/es\/wp-json\/wp\/v2\/comments?post=235"}],"wp:featuredmedia":[{"embeddable":true,"href":"https:\/\/visionario.co.mz\/es\/wp-json\/wp\/v2\/media\/236"}],"wp:attachment":[{"href":"https:\/\/visionario.co.mz\/es\/wp-json\/wp\/v2\/media?parent=235"}],"wp:term":[{"taxonomy":"product_brand","embeddable":true,"href":"https:\/\/visionario.co.mz\/es\/wp-json\/wp\/v2\/product_brand?post=235"},{"taxonomy":"product_cat","embeddable":true,"href":"https:\/\/visionario.co.mz\/es\/wp-json\/wp\/v2\/product_cat?post=235"},{"taxonomy":"product_tag","embeddable":true,"href":"https:\/\/visionario.co.mz\/es\/wp-json\/wp\/v2\/product_tag?post=235"}],"curies":[{"name":"gracias","href":"https:\/\/api.w.org\/{rel}","templated":true}]}}