{"id":1339,"date":"2022-09-07T12:57:04","date_gmt":"2022-09-07T10:57:04","guid":{"rendered":"https:\/\/visionario.co.mz\/?post_type=product&#038;p=1339"},"modified":"2025-09-11T08:54:38","modified_gmt":"2025-09-11T06:54:38","slug":"drapeau","status":"publish","type":"product","link":"https:\/\/visionario.co.mz\/fr\/produit\/drapeau\/","title":{"rendered":"Drapeau"},"content":{"rendered":"<p>Nous sommes sp\u00e9cialis\u00e9s dans les drapeaux personnalis\u00e9s, petits et grands, ainsi que les drapeaux double face. Chaque drapeau est polyvalent et peut \u00eatre install\u00e9 comme vous le souhaitez, sur des m\u00e2ts, des fils, ou m\u00eame sur des murs ou des cl\u00f4tures.<\/p>\n<p>Pr\u00e9sentez votre excellent design et laissez notre entreprise les imprimer avec la meilleure qualit\u00e9 du march\u00e9 et obtenez la meilleure publicit\u00e9 pour vous !<\/p>\n<ul class=\"why-buy-from-us-list\">\n<li>Mat\u00e9riau de drapeau ext\u00e9rieur en polyester durable\u00a0;<\/li>\n<li>Impression num\u00e9rique couleur haute d\u00e9finition avec encres r\u00e9sistantes aux UV ;<\/li>\n<li>Disponible en simple ou double face ;<\/li>\n<li>Sp\u00e9cialis\u00e9 dans les grands drapeaux personnalis\u00e9s sans limitation de taille.<\/li>\n<\/ul>","protected":false},"excerpt":{"rendered":"<p>Les drapeaux personnalis\u00e9s sont un moyen simple et efficace de faire conna\u00eetre votre entreprise, quel que soit votre secteur d&#039;activit\u00e9. Tous nos drapeaux personnalis\u00e9s sont fabriqu\u00e9s en polyester durable et de haute qualit\u00e9.<\/p>","protected":false},"featured_media":1342,"comment_status":"open","ping_status":"closed","template":"","meta":{"_kad_post_transparent":"default","_kad_post_title":"","_kad_post_layout":"default","_kad_post_sidebar_id":"","_kad_post_content_style":"default","_kad_post_vertical_padding":"default","_kad_post_feature":"","_kad_post_feature_position":"","_kad_post_header":false,"_kad_post_footer":false},"product_brand":[],"product_cat":[15,22,21,25,27,23],"product_tag":[],"class_list":{"0":"post-1339","1":"product","2":"type-product","3":"status-publish","4":"has-post-thumbnail","6":"product_cat-personalizados","7":"product_cat-branding","8":"product_cat-design","9":"product_cat-grafica","10":"product_cat-impressao-digital","11":"product_cat-publicidade","13":"first","14":"instock","15":"sale","16":"shipping-taxable","17":"purchasable","18":"product-type-simple","19":"entry","20":"content-bg","21":"loop-entry"},"_links":{"self":[{"href":"https:\/\/visionario.co.mz\/fr\/wp-json\/wp\/v2\/product\/1339","targetHints":{"allow":["GET"]}}],"collection":[{"href":"https:\/\/visionario.co.mz\/fr\/wp-json\/wp\/v2\/product"}],"about":[{"href":"https:\/\/visionario.co.mz\/fr\/wp-json\/wp\/v2\/types\/product"}],"replies":[{"embeddable":true,"href":"https:\/\/visionario.co.mz\/fr\/wp-json\/wp\/v2\/comments?post=1339"}],"wp:featuredmedia":[{"embeddable":true,"href":"https:\/\/visionario.co.mz\/fr\/wp-json\/wp\/v2\/media\/1342"}],"wp:attachment":[{"href":"https:\/\/visionario.co.mz\/fr\/wp-json\/wp\/v2\/media?parent=1339"}],"wp:term":[{"taxonomy":"product_brand","embeddable":true,"href":"https:\/\/visionario.co.mz\/fr\/wp-json\/wp\/v2\/product_brand?post=1339"},{"taxonomy":"product_cat","embeddable":true,"href":"https:\/\/visionario.co.mz\/fr\/wp-json\/wp\/v2\/product_cat?post=1339"},{"taxonomy":"product_tag","embeddable":true,"href":"https:\/\/visionario.co.mz\/fr\/wp-json\/wp\/v2\/product_tag?post=1339"}],"curies":[{"name":"wp","href":"https:\/\/api.w.org\/{rel}","templated":true}]}}