{"id":1345,"date":"2022-09-07T13:23:05","date_gmt":"2022-09-07T11:23:05","guid":{"rendered":"https:\/\/visionario.co.mz\/?post_type=product&#038;p=1345"},"modified":"2025-08-04T10:31:42","modified_gmt":"2025-08-04T08:31:42","slug":"maillot-personnalise","status":"publish","type":"product","link":"https:\/\/visionario.co.mz\/fr\/produit\/maillot-personnalise\/","title":{"rendered":"Chemise personnalis\u00e9e"},"content":{"rendered":"<p><span>Nous avons beaucoup d&#039;exp\u00e9rience dans la personnalisation de sweat-shirts de diff\u00e9rents types allant de la taille, du style, y compris des sweat-shirts avec des poches zipp\u00e9es et des capuches. <\/span><span>Gr\u00e2ce \u00e0 notre impression graphique et s\u00e9rigraphique, vous pouvez ajouter des \u00e9l\u00e9ments personnalis\u00e9s tels que du texte, des photos, des logos et plus encore pour cr\u00e9er vos propres maillots, avec l&#039;aide d&#039;experts disponibles si vous en avez besoin. <\/span><span>D\u00e9couvrez notre s\u00e9lection et cr\u00e9ez les chemises imprim\u00e9es ou brod\u00e9es parfaites pour tous les membres de votre \u00e9quipe.<\/span><\/p>\n<p>&nbsp;<\/p>","protected":false},"excerpt":{"rendered":"<p>Profitez du froid pour mettre en avant votre marque ou votre message. Avec Visionario Gr\u00e1fica e Serigrafia, cr\u00e9ez des sweat-shirts personnalis\u00e9s, confortables et au rendu professionnel.<\/p>\n<p><span>Personnalisez les t-shirts de votre entreprise avec votre logo afin que les gens veuillent les porter encore et encore, que ce soit pour vos employ\u00e9s, votre \u00e9quipe ou un \u00e9v\u00e9nement \u00e0 venir. <\/span><span>Lorsqu&#039;il fait froid ou nuageux, les maillots personnalis\u00e9s sont un excellent moyen de rester au chaud et au sec tout en affichant votre logo ou l&#039;identit\u00e9 de votre \u00e9quipe.<\/span><\/p>","protected":false},"featured_media":1349,"comment_status":"open","ping_status":"closed","template":"","meta":{"_kad_post_transparent":"default","_kad_post_title":"","_kad_post_layout":"default","_kad_post_sidebar_id":"","_kad_post_content_style":"default","_kad_post_vertical_padding":"default","_kad_post_feature":"","_kad_post_feature_position":"","_kad_post_header":false,"_kad_post_footer":false},"product_brand":[],"product_cat":[15,31,30,24],"product_tag":[],"class_list":{"0":"post-1345","1":"product","2":"type-product","3":"status-publish","4":"has-post-thumbnail","6":"product_cat-personalizados","7":"product_cat-brindes","8":"product_cat-estampagem","9":"product_cat-serigrafia","11":"first","12":"instock","13":"sale","14":"shipping-taxable","15":"purchasable","16":"product-type-variable","17":"entry","18":"content-bg","19":"loop-entry"},"_links":{"self":[{"href":"https:\/\/visionario.co.mz\/fr\/wp-json\/wp\/v2\/product\/1345","targetHints":{"allow":["GET"]}}],"collection":[{"href":"https:\/\/visionario.co.mz\/fr\/wp-json\/wp\/v2\/product"}],"about":[{"href":"https:\/\/visionario.co.mz\/fr\/wp-json\/wp\/v2\/types\/product"}],"replies":[{"embeddable":true,"href":"https:\/\/visionario.co.mz\/fr\/wp-json\/wp\/v2\/comments?post=1345"}],"wp:featuredmedia":[{"embeddable":true,"href":"https:\/\/visionario.co.mz\/fr\/wp-json\/wp\/v2\/media\/1349"}],"wp:attachment":[{"href":"https:\/\/visionario.co.mz\/fr\/wp-json\/wp\/v2\/media?parent=1345"}],"wp:term":[{"taxonomy":"product_brand","embeddable":true,"href":"https:\/\/visionario.co.mz\/fr\/wp-json\/wp\/v2\/product_brand?post=1345"},{"taxonomy":"product_cat","embeddable":true,"href":"https:\/\/visionario.co.mz\/fr\/wp-json\/wp\/v2\/product_cat?post=1345"},{"taxonomy":"product_tag","embeddable":true,"href":"https:\/\/visionario.co.mz\/fr\/wp-json\/wp\/v2\/product_tag?post=1345"}],"curies":[{"name":"wp","href":"https:\/\/api.w.org\/{rel}","templated":true}]}}