{"id":1350,"date":"2022-09-07T14:05:30","date_gmt":"2022-09-07T12:05:30","guid":{"rendered":"https:\/\/visionario.co.mz\/?post_type=product&#038;p=1350"},"modified":"2025-07-10T05:34:43","modified_gmt":"2025-07-10T03:34:43","slug":"stylo","status":"publish","type":"product","link":"https:\/\/visionario.co.mz\/fr\/produit\/stylo\/","title":{"rendered":"Stylo personnalis\u00e9"},"content":{"rendered":"<p>Un stylo au design unique permet \u00e0 vos id\u00e9es de s&#039;exprimer et de se coucher sur le papier. Id\u00e9al pour offrir \u00e0 vos clients actuels et potentiels, ainsi que pour remercier vos employ\u00e9s. Il est id\u00e9al pour c\u00e9l\u00e9brer l&#039;anniversaire de votre entreprise, son expansion ou une \u00e9tape importante.<\/p>\n<p><strong><span>Impression immersive<\/span><\/strong><br \/>\n<span>Vous souhaitez que votre logo soit visible sous tous les angles\u00a0? Ce stylo \u00e0 bille personnalis\u00e9 est fait pour vous. Avec son impression sur toute la surface, il met en valeur votre logo et vos coordonn\u00e9es de mani\u00e8re \u00e9clatante.<\/span><\/p>\n<p><strong><span>Pr\u00e9sentez votre marque<\/span><\/strong><br \/>\n<span>Vous organisez un \u00e9v\u00e9nement promotionnel ou une collecte caritative\u00a0? Offrez un stylo \u00e0 bille aux participants pour faire passer le message. Personnalisez vos stylos avec le nom et les coordonn\u00e9es de votre entreprise pour une visibilit\u00e9 optimale.<\/span><\/p>\n<p><b>Graphique<\/b><strong><span>\u00a0de conception interactive<\/span><\/strong><br \/>\n<span>Choisissez parmi notre large gamme d&#039;options pour concevoir le stylo id\u00e9al. Notre atelier de cr\u00e9ation interactif vous permet de personnaliser vos stylos selon vos besoins. Nous nous occupons ensuite du reste\u00a0: nous imprimons votre commande avec professionnalisme et nous l&#039;exp\u00e9dions directement chez vous.<\/span><\/p>\n<p>&nbsp;<\/p>","protected":false},"excerpt":{"rendered":"<p>Offrez un stylo personnalis\u00e9 en cadeau \u00e0 vos employ\u00e9s, clients fid\u00e8les ou participants \u00e0 un \u00e9v\u00e9nement afin que votre marque soit m\u00e9moris\u00e9e chaque jour.<\/p>\n<p>Une exposition quotidienne peut permettre \u00e0 quiconque de se souvenir de votre marque et de vos services ou produits, garantissant ainsi davantage de ventes.<\/p>","protected":false},"featured_media":1351,"comment_status":"open","ping_status":"closed","template":"","meta":{"_kad_post_transparent":"default","_kad_post_title":"","_kad_post_layout":"default","_kad_post_sidebar_id":"","_kad_post_content_style":"default","_kad_post_vertical_padding":"default","_kad_post_feature":"","_kad_post_feature_position":"","_kad_post_header":false,"_kad_post_footer":false},"product_brand":[],"product_cat":[15,22,31,21,23],"product_tag":[],"class_list":{"0":"post-1350","1":"product","2":"type-product","3":"status-publish","4":"has-post-thumbnail","6":"product_cat-personalizados","7":"product_cat-branding","8":"product_cat-brindes","9":"product_cat-design","10":"product_cat-publicidade","12":"first","13":"instock","14":"sale","15":"shipping-taxable","16":"purchasable","17":"product-type-simple","18":"entry","19":"content-bg","20":"loop-entry"},"_links":{"self":[{"href":"https:\/\/visionario.co.mz\/fr\/wp-json\/wp\/v2\/product\/1350","targetHints":{"allow":["GET"]}}],"collection":[{"href":"https:\/\/visionario.co.mz\/fr\/wp-json\/wp\/v2\/product"}],"about":[{"href":"https:\/\/visionario.co.mz\/fr\/wp-json\/wp\/v2\/types\/product"}],"replies":[{"embeddable":true,"href":"https:\/\/visionario.co.mz\/fr\/wp-json\/wp\/v2\/comments?post=1350"}],"wp:featuredmedia":[{"embeddable":true,"href":"https:\/\/visionario.co.mz\/fr\/wp-json\/wp\/v2\/media\/1351"}],"wp:attachment":[{"href":"https:\/\/visionario.co.mz\/fr\/wp-json\/wp\/v2\/media?parent=1350"}],"wp:term":[{"taxonomy":"product_brand","embeddable":true,"href":"https:\/\/visionario.co.mz\/fr\/wp-json\/wp\/v2\/product_brand?post=1350"},{"taxonomy":"product_cat","embeddable":true,"href":"https:\/\/visionario.co.mz\/fr\/wp-json\/wp\/v2\/product_cat?post=1350"},{"taxonomy":"product_tag","embeddable":true,"href":"https:\/\/visionario.co.mz\/fr\/wp-json\/wp\/v2\/product_tag?post=1350"}],"curies":[{"name":"wp","href":"https:\/\/api.w.org\/{rel}","templated":true}]}}