{"id":1354,"date":"2022-09-07T14:14:15","date_gmt":"2022-09-07T12:14:15","guid":{"rendered":"https:\/\/visionario.co.mz\/?post_type=product&#038;p=1354"},"modified":"2025-05-04T02:03:05","modified_gmt":"2025-05-04T00:03:05","slug":"marquage-automobile","status":"publish","type":"product","link":"https:\/\/visionario.co.mz\/fr\/produit\/marquage-automobile\/","title":{"rendered":"Image de marque automobile"},"content":{"rendered":"<p>Les graphismes et l&#039;image de marque des v\u00e9hicules contribueront \u00e0 accro\u00eetre la notori\u00e9t\u00e9 de votre marque sans avoir recours \u00e0 des panneaux d&#039;affichage co\u00fbteux. La publicit\u00e9 mobile ne conna\u00eet aucune limite en mati\u00e8re de design.<\/p>\n<p>Montrez-nous le design que vous souhaitez mettre sur votre voiture et nous vous conseillerons sur la meilleure fa\u00e7on de le r\u00e9aliser.<\/p>\n<p>Si vous ne savez pas par o\u00f9 commencer ou si vous repensez compl\u00e8tement votre marque, ne vous inqui\u00e9tez pas, nous avons les meilleurs graphistes qui peuvent vous aider avec les id\u00e9es de conception de logo initiales et vous guideront tout au long du processus de conception afin que vos v\u00e9hicules ressemblent \u00e0 une marque professionnelle sur la route.<\/p>","protected":false},"excerpt":{"rendered":"<p>Le branding automobile est un moyen efficace et \u00e9conomique de faire conna\u00eetre et m\u00e9moriser le nom et le logo de votre entreprise. Optimisez votre marketing et d\u00e9marquez-vous en transformant votre voiture ou votre flotte de v\u00e9hicules en panneau publicitaire mobile et faites-vous remarquer par des milliers de personnes, presque chaque jour\u00a0!<\/p>","protected":false},"featured_media":1356,"comment_status":"open","ping_status":"closed","template":"","meta":{"_kad_post_transparent":"default","_kad_post_title":"","_kad_post_layout":"default","_kad_post_sidebar_id":"","_kad_post_content_style":"default","_kad_post_vertical_padding":"default","_kad_post_feature":"","_kad_post_feature_position":"","_kad_post_header":false,"_kad_post_footer":false},"product_brand":[],"product_cat":[15,22,21,23],"product_tag":[],"class_list":{"0":"post-1354","1":"product","2":"type-product","3":"status-publish","4":"has-post-thumbnail","6":"product_cat-personalizados","7":"product_cat-branding","8":"product_cat-design","9":"product_cat-publicidade","11":"first","12":"instock","13":"sale","14":"shipping-taxable","15":"purchasable","16":"product-type-simple","17":"entry","18":"content-bg","19":"loop-entry"},"_links":{"self":[{"href":"https:\/\/visionario.co.mz\/fr\/wp-json\/wp\/v2\/product\/1354","targetHints":{"allow":["GET"]}}],"collection":[{"href":"https:\/\/visionario.co.mz\/fr\/wp-json\/wp\/v2\/product"}],"about":[{"href":"https:\/\/visionario.co.mz\/fr\/wp-json\/wp\/v2\/types\/product"}],"replies":[{"embeddable":true,"href":"https:\/\/visionario.co.mz\/fr\/wp-json\/wp\/v2\/comments?post=1354"}],"wp:featuredmedia":[{"embeddable":true,"href":"https:\/\/visionario.co.mz\/fr\/wp-json\/wp\/v2\/media\/1356"}],"wp:attachment":[{"href":"https:\/\/visionario.co.mz\/fr\/wp-json\/wp\/v2\/media?parent=1354"}],"wp:term":[{"taxonomy":"product_brand","embeddable":true,"href":"https:\/\/visionario.co.mz\/fr\/wp-json\/wp\/v2\/product_brand?post=1354"},{"taxonomy":"product_cat","embeddable":true,"href":"https:\/\/visionario.co.mz\/fr\/wp-json\/wp\/v2\/product_cat?post=1354"},{"taxonomy":"product_tag","embeddable":true,"href":"https:\/\/visionario.co.mz\/fr\/wp-json\/wp\/v2\/product_tag?post=1354"}],"curies":[{"name":"wp","href":"https:\/\/api.w.org\/{rel}","templated":true}]}}