{"id":1357,"date":"2022-09-07T14:23:16","date_gmt":"2022-09-07T12:23:16","guid":{"rendered":"https:\/\/visionario.co.mz\/?post_type=product&#038;p=1357"},"modified":"2025-09-11T08:56:43","modified_gmt":"2025-09-11T06:56:43","slug":"carte-de-visite","status":"publish","type":"product","link":"https:\/\/visionario.co.mz\/fr\/produit\/carte-de-visite\/","title":{"rendered":"Carte de visite"},"content":{"rendered":"<p>Soyez pr\u00eat \u00e0 saisir toutes les opportunit\u00e9s avec une carte de visite personnalis\u00e9e. Choisissez un design qui refl\u00e8te la personnalit\u00e9 de votre entreprise et nous utiliserons les meilleurs outils pour cr\u00e9er la meilleure pr\u00e9sentation du march\u00e9.<\/p>\n<p>Nous imprimons sur diff\u00e9rents types de papier, notamment couch\u00e9, recycl\u00e9, kraft, m\u00e9tallis\u00e9 et premium. Personnalisez votre carte \u00e0 votre guise, des coins carr\u00e9s classiques aux coins arrondis.<\/p>\n<p>Nous proposons \u00e9galement des finitions telles que la plastification, la d\u00e9coupe sp\u00e9ciale et bien plus encore, garantissant que votre carte de visite dure plus longtemps et soit utilis\u00e9e chaque fois que vos clients potentiels en ont besoin.<\/p>\n<p>&nbsp;<\/p>","protected":false},"excerpt":{"rendered":"<p><span>Votre entreprise est unique et vos cartes de visite devraient l\u2019\u00eatre aussi. <\/span><span>Pr\u00e9parez-vous \u00e0 faire bonne impression en r\u00e9compensant vos clients fid\u00e8les avec une carte de fid\u00e9lit\u00e9 ou en communiquant vos coordonn\u00e9es \u00e0 vos clients satisfaits afin qu&#039;ils se souviennent de vous et puissent vous retrouver facilement la prochaine fois. C&#039;est pourquoi nous sommes l\u00e0 pour vous aider \u00e0 impressionner vos clients.<\/span><\/p>","protected":false},"featured_media":1507,"comment_status":"open","ping_status":"closed","template":"","meta":{"_kad_post_transparent":"default","_kad_post_title":"","_kad_post_layout":"default","_kad_post_sidebar_id":"","_kad_post_content_style":"default","_kad_post_vertical_padding":"default","_kad_post_feature":"","_kad_post_feature_position":"","_kad_post_header":false,"_kad_post_footer":false},"product_brand":[],"product_cat":[15,22,21,25,27,23],"product_tag":[],"class_list":{"0":"post-1357","1":"product","2":"type-product","3":"status-publish","4":"has-post-thumbnail","6":"product_cat-personalizados","7":"product_cat-branding","8":"product_cat-design","9":"product_cat-grafica","10":"product_cat-impressao-digital","11":"product_cat-publicidade","13":"first","14":"instock","15":"shipping-taxable","16":"purchasable","17":"product-type-simple","18":"entry","19":"content-bg","20":"loop-entry"},"_links":{"self":[{"href":"https:\/\/visionario.co.mz\/fr\/wp-json\/wp\/v2\/product\/1357","targetHints":{"allow":["GET"]}}],"collection":[{"href":"https:\/\/visionario.co.mz\/fr\/wp-json\/wp\/v2\/product"}],"about":[{"href":"https:\/\/visionario.co.mz\/fr\/wp-json\/wp\/v2\/types\/product"}],"replies":[{"embeddable":true,"href":"https:\/\/visionario.co.mz\/fr\/wp-json\/wp\/v2\/comments?post=1357"}],"wp:featuredmedia":[{"embeddable":true,"href":"https:\/\/visionario.co.mz\/fr\/wp-json\/wp\/v2\/media\/1507"}],"wp:attachment":[{"href":"https:\/\/visionario.co.mz\/fr\/wp-json\/wp\/v2\/media?parent=1357"}],"wp:term":[{"taxonomy":"product_brand","embeddable":true,"href":"https:\/\/visionario.co.mz\/fr\/wp-json\/wp\/v2\/product_brand?post=1357"},{"taxonomy":"product_cat","embeddable":true,"href":"https:\/\/visionario.co.mz\/fr\/wp-json\/wp\/v2\/product_cat?post=1357"},{"taxonomy":"product_tag","embeddable":true,"href":"https:\/\/visionario.co.mz\/fr\/wp-json\/wp\/v2\/product_tag?post=1357"}],"curies":[{"name":"wp","href":"https:\/\/api.w.org\/{rel}","templated":true}]}}