{"id":1360,"date":"2022-09-07T14:29:47","date_gmt":"2022-09-07T12:29:47","guid":{"rendered":"https:\/\/visionario.co.mz\/?post_type=product&#038;p=1360"},"modified":"2025-09-11T08:57:02","modified_gmt":"2025-09-11T06:57:02","slug":"chapeau-personnalise","status":"publish","type":"product","link":"https:\/\/visionario.co.mz\/fr\/produit\/chapeau-personnalise\/","title":{"rendered":"Chapeau personnalis\u00e9"},"content":{"rendered":"<p><strong><span>Un panneau d&#039;affichage portable<\/span><\/strong><br \/>\n<span>Les casquettes personnalis\u00e9es s&#039;associent \u00e0 diff\u00e9rentes tenues pour refl\u00e9ter votre image de marque. Elles sont dot\u00e9es d&#039;une sangle r\u00e9glable pour un ajustement parfait. De plus, elles sont id\u00e9ales pour cr\u00e9er un look uniforme pour votre \u00e9quipe et mettre en valeur votre logo.<\/span><\/p>\n<p><strong><span>Visionnaire pr\u00eat \u00e0 vous aider !<\/span><\/strong><br \/>\n<span>Pr\u00eat \u00e0 cr\u00e9er ? Apportez votre touche personnelle gr\u00e2ce \u00e0 notre expertise en design et personnalisez un chapeau qui mettra en valeur votre entreprise. Notre technologie d&#039;impression capture les moindres d\u00e9tails pour que votre design se d\u00e9marque.<\/span><\/p>","protected":false},"excerpt":{"rendered":"<p><span>L&#039;ajout de votre logo sur les chapeaux permet de garder votre marque en t\u00eate, quelle que soit l&#039;occasion. <\/span><span>Votre logo color\u00e9 sera \u00e9clatant une fois imprim\u00e9 sur ces couvercles.\u00a0<\/span><span>De plus, les chapeaux personnalis\u00e9s constituent d\u2019excellents cadeaux pour les participants \u00e0 l\u2019\u00e9v\u00e9nement, les employ\u00e9s, les clients potentiels et plus encore.<\/span><\/p>","protected":false},"featured_media":1364,"comment_status":"open","ping_status":"closed","template":"","meta":{"_kad_post_transparent":"default","_kad_post_title":"","_kad_post_layout":"default","_kad_post_sidebar_id":"","_kad_post_content_style":"default","_kad_post_vertical_padding":"default","_kad_post_feature":"","_kad_post_feature_position":"","_kad_post_header":false,"_kad_post_footer":false},"product_brand":[],"product_cat":[15,29,31,25,27,23,24],"product_tag":[],"class_list":{"0":"post-1360","1":"product","2":"type-product","3":"status-publish","4":"has-post-thumbnail","6":"product_cat-personalizados","7":"product_cat-bordados","8":"product_cat-brindes","9":"product_cat-grafica","10":"product_cat-impressao-digital","11":"product_cat-publicidade","12":"product_cat-serigrafia","14":"first","15":"instock","16":"shipping-taxable","17":"purchasable","18":"product-type-variable","19":"entry","20":"content-bg","21":"loop-entry"},"_links":{"self":[{"href":"https:\/\/visionario.co.mz\/fr\/wp-json\/wp\/v2\/product\/1360","targetHints":{"allow":["GET"]}}],"collection":[{"href":"https:\/\/visionario.co.mz\/fr\/wp-json\/wp\/v2\/product"}],"about":[{"href":"https:\/\/visionario.co.mz\/fr\/wp-json\/wp\/v2\/types\/product"}],"replies":[{"embeddable":true,"href":"https:\/\/visionario.co.mz\/fr\/wp-json\/wp\/v2\/comments?post=1360"}],"wp:featuredmedia":[{"embeddable":true,"href":"https:\/\/visionario.co.mz\/fr\/wp-json\/wp\/v2\/media\/1364"}],"wp:attachment":[{"href":"https:\/\/visionario.co.mz\/fr\/wp-json\/wp\/v2\/media?parent=1360"}],"wp:term":[{"taxonomy":"product_brand","embeddable":true,"href":"https:\/\/visionario.co.mz\/fr\/wp-json\/wp\/v2\/product_brand?post=1360"},{"taxonomy":"product_cat","embeddable":true,"href":"https:\/\/visionario.co.mz\/fr\/wp-json\/wp\/v2\/product_cat?post=1360"},{"taxonomy":"product_tag","embeddable":true,"href":"https:\/\/visionario.co.mz\/fr\/wp-json\/wp\/v2\/product_tag?post=1360"}],"curies":[{"name":"wp","href":"https:\/\/api.w.org\/{rel}","templated":true}]}}