{"id":1383,"date":"2022-09-07T15:54:20","date_gmt":"2022-09-07T13:54:20","guid":{"rendered":"https:\/\/visionario.co.mz\/?post_type=product&#038;p=1383"},"modified":"2022-09-18T21:19:18","modified_gmt":"2022-09-18T19:19:18","slug":"gazebo-3-x-3","status":"publish","type":"product","link":"https:\/\/visionario.co.mz\/fr\/produit\/gazebo-3-x-3\/","title":{"rendered":"Gazebo \u2013 3 x 3"},"content":{"rendered":"<p>-La taille de gazebo la plus populaire \u2013 Cadre de gazebo en aluminium de 3 m x 3 m<br \/>\n\u2013 Pour une utilisation en ext\u00e9rieur \u2013 robuste et con\u00e7u pour durer toute une vie<br \/>\n\u2013 Facile \u00e0 soulever et l\u00e9ger \u2013 14,69 kg<br \/>\n\u2013 Mat\u00e9riau : Cadre \u2013 Gazebo en aluminium anodis\u00e9\/rev\u00eatu de poudre avec pieds hexagonaux de 40 mm et bras transversaux de 25,5 x 12,5 mm, curseurs en PP avec loquet \u00e0 d\u00e9gagement facile<br \/>\n\u2013 Structure de toit en pente avec enrouleur pour tension de la verri\u00e8re<br \/>\n\u2013 Ne pas utiliser comme structure permanente<br \/>\n\u2013 Voir la politique de r\u00e9paration pour la garantie de r\u00e9paration de 5 ans<\/p>","protected":false},"excerpt":{"rendered":"<p>La tonnelle la plus populaire\u00a0: structure en aluminium de 3\u00a0m x 3\u00a0m. Pour une utilisation en ext\u00e9rieur, robuste et con\u00e7ue pour durer.<\/p>","protected":false},"featured_media":1384,"comment_status":"open","ping_status":"closed","template":"","meta":{"_kad_post_transparent":"default","_kad_post_title":"","_kad_post_layout":"default","_kad_post_sidebar_id":"","_kad_post_content_style":"default","_kad_post_vertical_padding":"default","_kad_post_feature":"","_kad_post_feature_position":"","_kad_post_header":false,"_kad_post_footer":false},"product_brand":[],"product_cat":[15,22,21,71,25,27,23],"product_tag":[70],"class_list":{"0":"post-1383","1":"product","2":"type-product","3":"status-publish","4":"has-post-thumbnail","6":"product_cat-personalizados","7":"product_cat-branding","8":"product_cat-design","9":"product_cat-gazebo","10":"product_cat-grafica","11":"product_cat-impressao-digital","12":"product_cat-publicidade","13":"product_tag-gazebo","15":"first","16":"instock","17":"sale","18":"shipping-taxable","19":"purchasable","20":"product-type-simple","21":"entry","22":"content-bg","23":"loop-entry"},"_links":{"self":[{"href":"https:\/\/visionario.co.mz\/fr\/wp-json\/wp\/v2\/product\/1383","targetHints":{"allow":["GET"]}}],"collection":[{"href":"https:\/\/visionario.co.mz\/fr\/wp-json\/wp\/v2\/product"}],"about":[{"href":"https:\/\/visionario.co.mz\/fr\/wp-json\/wp\/v2\/types\/product"}],"replies":[{"embeddable":true,"href":"https:\/\/visionario.co.mz\/fr\/wp-json\/wp\/v2\/comments?post=1383"}],"wp:featuredmedia":[{"embeddable":true,"href":"https:\/\/visionario.co.mz\/fr\/wp-json\/wp\/v2\/media\/1384"}],"wp:attachment":[{"href":"https:\/\/visionario.co.mz\/fr\/wp-json\/wp\/v2\/media?parent=1383"}],"wp:term":[{"taxonomy":"product_brand","embeddable":true,"href":"https:\/\/visionario.co.mz\/fr\/wp-json\/wp\/v2\/product_brand?post=1383"},{"taxonomy":"product_cat","embeddable":true,"href":"https:\/\/visionario.co.mz\/fr\/wp-json\/wp\/v2\/product_cat?post=1383"},{"taxonomy":"product_tag","embeddable":true,"href":"https:\/\/visionario.co.mz\/fr\/wp-json\/wp\/v2\/product_tag?post=1383"}],"curies":[{"name":"wp","href":"https:\/\/api.w.org\/{rel}","templated":true}]}}