{"id":1400,"date":"2022-09-07T16:22:32","date_gmt":"2022-09-07T14:22:32","guid":{"rendered":"https:\/\/visionario.co.mz\/?post_type=product&#038;p=1400"},"modified":"2022-09-18T21:27:51","modified_gmt":"2022-09-18T19:27:51","slug":"gazebo-4-x-3","status":"publish","type":"product","link":"https:\/\/visionario.co.mz\/fr\/produit\/gazebo-4-x-3\/","title":{"rendered":"Gazebo \u2013 4 x 3"},"content":{"rendered":"<p>Description<br \/>\n\u2013 Un gazebo plus grand pour un espace ombrag\u00e9 plus grand<br \/>\n\u2013 Gazebo en aluminium de 4,5 m x 3 m avec auvent (dans une gamme de couleurs unies) fourni avec une trousse \u00e0 outils \u00e9cologique et un sac de rangement<br \/>\n\u2013 Pour une utilisation en ext\u00e9rieur \u2013 robuste et con\u00e7u pour durer toute une vie<br \/>\n\u2013 Facile \u00e0 soulever et l\u00e9ger \u2013 19,59 kg<br \/>\n\u2013 Mat\u00e9riau : Cadre \u2013 Gazebo en aluminium anodis\u00e9\/rev\u00eatu de poudre avec pieds hexagonaux de 40 mm et bras transversaux de 25,5 x 12,5 mm, curseurs en PP avec loquet \u00e0 d\u00e9gagement facile<br \/>\n\u2013 Structure de toit en pente avec enrouleur pour tension de la verri\u00e8re<br \/>\n\u2013 Auvent Deluxe (Bleu, Noir, Blanc, Vert, Beige) : Polyester 100% 210 g\/m\u00b2, r\u00e9sistant \u00e0 l\u2019eau, \u2013 R\u00e9sistant aux UV (1 \u00e0 2 ans), base acrylique teint\u00e9e grise pour le blocage et la fra\u00eecheur<br \/>\n\u2013 Sac : Sac coulissant en polyester 600D noir<br \/>\n\u2013 Kit Eco Toolkit : 4 piquets droits + 4 cordes avec curseurs pour s\u00e9curiser le gazebo<br \/>\n\u2013 Ne pas utiliser comme structure permanente<br \/>\n\u2013 Voir la politique de r\u00e9paration pour la garantie de r\u00e9paration de 5 ans<\/p>\n<p>&nbsp;<\/p>","protected":false},"excerpt":{"rendered":"<p>Gazebo complet en aluminium 4,5m x 3m avec auvent et sac de transport.<\/p>","protected":false},"featured_media":1401,"comment_status":"open","ping_status":"closed","template":"","meta":{"_kad_post_transparent":"default","_kad_post_title":"","_kad_post_layout":"default","_kad_post_sidebar_id":"","_kad_post_content_style":"default","_kad_post_vertical_padding":"default","_kad_post_feature":"","_kad_post_feature_position":"","_kad_post_header":false,"_kad_post_footer":false},"product_brand":[],"product_cat":[15,22,21,71,25,27,23],"product_tag":[70],"class_list":{"0":"post-1400","1":"product","2":"type-product","3":"status-publish","4":"has-post-thumbnail","6":"product_cat-personalizados","7":"product_cat-branding","8":"product_cat-design","9":"product_cat-gazebo","10":"product_cat-grafica","11":"product_cat-impressao-digital","12":"product_cat-publicidade","13":"product_tag-gazebo","15":"first","16":"instock","17":"sale","18":"shipping-taxable","19":"purchasable","20":"product-type-simple","21":"entry","22":"content-bg","23":"loop-entry"},"_links":{"self":[{"href":"https:\/\/visionario.co.mz\/fr\/wp-json\/wp\/v2\/product\/1400","targetHints":{"allow":["GET"]}}],"collection":[{"href":"https:\/\/visionario.co.mz\/fr\/wp-json\/wp\/v2\/product"}],"about":[{"href":"https:\/\/visionario.co.mz\/fr\/wp-json\/wp\/v2\/types\/product"}],"replies":[{"embeddable":true,"href":"https:\/\/visionario.co.mz\/fr\/wp-json\/wp\/v2\/comments?post=1400"}],"wp:featuredmedia":[{"embeddable":true,"href":"https:\/\/visionario.co.mz\/fr\/wp-json\/wp\/v2\/media\/1401"}],"wp:attachment":[{"href":"https:\/\/visionario.co.mz\/fr\/wp-json\/wp\/v2\/media?parent=1400"}],"wp:term":[{"taxonomy":"product_brand","embeddable":true,"href":"https:\/\/visionario.co.mz\/fr\/wp-json\/wp\/v2\/product_brand?post=1400"},{"taxonomy":"product_cat","embeddable":true,"href":"https:\/\/visionario.co.mz\/fr\/wp-json\/wp\/v2\/product_cat?post=1400"},{"taxonomy":"product_tag","embeddable":true,"href":"https:\/\/visionario.co.mz\/fr\/wp-json\/wp\/v2\/product_tag?post=1400"}],"curies":[{"name":"wp","href":"https:\/\/api.w.org\/{rel}","templated":true}]}}