{"id":1509,"date":"2022-09-18T20:15:38","date_gmt":"2022-09-18T18:15:38","guid":{"rendered":"https:\/\/visionario.co.mz\/?post_type=product&#038;p=1509"},"modified":"2025-09-11T08:57:55","modified_gmt":"2025-09-11T06:57:55","slug":"stand-promotionnel","status":"publish","type":"product","link":"https:\/\/visionario.co.mz\/fr\/produit\/stand-promotionnel\/","title":{"rendered":"Stand promotionnel"},"content":{"rendered":"<p class=\"cat-intro\"><span>Les entreprises utilisent \u00e9galement des podiums d&#039;exposition portables pour cr\u00e9er une pr\u00e9sence plus professionnelle lors de leurs r\u00e9unions ou \u00e9v\u00e9nements. Les options les plus populaires incluent les mod\u00e8les en tissu tendu, pop-up et r\u00e9tro\u00e9clair\u00e9s.<\/span><\/p>\n<ul class=\"why-buy-from-us-list\">\n<li><span>Meilleurs prix garantis<\/span><\/li>\n<li><span><span>Tissu tendu, pop-up, podium et styles r\u00e9tro\u00e9clair\u00e9s disponibles.<\/span><\/span><\/li>\n<li><span><span>Ovale, droit, courb\u00e9 ou en forme de S, r\u00e9gulier ou hauteur de comptoir.<\/span><\/span><\/li>\n<li><span><span>Cadre de la plus haute qualit\u00e9 avec tissu sublim\u00e9 de qualit\u00e9 sup\u00e9rieure.<\/span><\/span><\/li>\n<li><span><span>Sac de transport gratuit.<\/span><\/span><\/li>\n<\/ul>","protected":false},"excerpt":{"rendered":"<p>Les stands ou comptoirs promotionnels sont des pr\u00e9sentoirs portables personnalis\u00e9s. Ils ajoutent une touche d&#039;\u00e9l\u00e9gance et de fonctionnalit\u00e9 \u00e0 vos pr\u00e9sentations de produits, cr\u00e9ant une atmosph\u00e8re chaleureuse pour un comptoir d&#039;accueil ou une d\u00e9monstration de produits.<\/p>","protected":false},"featured_media":1510,"comment_status":"open","ping_status":"closed","template":"","meta":{"_kad_post_transparent":"default","_kad_post_title":"","_kad_post_layout":"default","_kad_post_sidebar_id":"","_kad_post_content_style":"default","_kad_post_vertical_padding":"default","_kad_post_feature":"","_kad_post_feature_position":"","_kad_post_header":false,"_kad_post_footer":false},"product_brand":[],"product_cat":[15,22,21,25,27,23],"product_tag":[],"class_list":{"0":"post-1509","1":"product","2":"type-product","3":"status-publish","4":"has-post-thumbnail","6":"product_cat-personalizados","7":"product_cat-branding","8":"product_cat-design","9":"product_cat-grafica","10":"product_cat-impressao-digital","11":"product_cat-publicidade","13":"first","14":"instock","15":"shipping-taxable","16":"purchasable","17":"product-type-simple","18":"entry","19":"content-bg","20":"loop-entry"},"_links":{"self":[{"href":"https:\/\/visionario.co.mz\/fr\/wp-json\/wp\/v2\/product\/1509","targetHints":{"allow":["GET"]}}],"collection":[{"href":"https:\/\/visionario.co.mz\/fr\/wp-json\/wp\/v2\/product"}],"about":[{"href":"https:\/\/visionario.co.mz\/fr\/wp-json\/wp\/v2\/types\/product"}],"replies":[{"embeddable":true,"href":"https:\/\/visionario.co.mz\/fr\/wp-json\/wp\/v2\/comments?post=1509"}],"wp:featuredmedia":[{"embeddable":true,"href":"https:\/\/visionario.co.mz\/fr\/wp-json\/wp\/v2\/media\/1510"}],"wp:attachment":[{"href":"https:\/\/visionario.co.mz\/fr\/wp-json\/wp\/v2\/media?parent=1509"}],"wp:term":[{"taxonomy":"product_brand","embeddable":true,"href":"https:\/\/visionario.co.mz\/fr\/wp-json\/wp\/v2\/product_brand?post=1509"},{"taxonomy":"product_cat","embeddable":true,"href":"https:\/\/visionario.co.mz\/fr\/wp-json\/wp\/v2\/product_cat?post=1509"},{"taxonomy":"product_tag","embeddable":true,"href":"https:\/\/visionario.co.mz\/fr\/wp-json\/wp\/v2\/product_tag?post=1509"}],"curies":[{"name":"wp","href":"https:\/\/api.w.org\/{rel}","templated":true}]}}