{"id":197,"date":"2022-05-27T20:09:41","date_gmt":"2022-05-27T18:09:41","guid":{"rendered":"https:\/\/visionario.co.mz\/?post_type=product&#038;p=197"},"modified":"2025-07-10T05:34:19","modified_gmt":"2025-07-10T03:34:19","slug":"calendrier","status":"publish","type":"product","link":"https:\/\/visionario.co.mz\/fr\/produit\/calendrier\/","title":{"rendered":"Calendrier"},"content":{"rendered":"<p>Les calendriers sont des supports graphiques imprim\u00e9s selon votre design, cr\u00e9ant ainsi des produits uniques pour chaque client et chaque occasion. Nous proposons une vari\u00e9t\u00e9 de mod\u00e8les, des calendriers muraux et de bureau aux calendriers de poche, en passant par des formats uniques comme la pyramide et le cube. D\u00e9couvrez tous nos mod\u00e8les et boostez vos ventes gr\u00e2ce \u00e0 notre incroyable vari\u00e9t\u00e9 de produits\u00a0!<\/p>","protected":false},"excerpt":{"rendered":"<p>LE\u00a0<b>Calendrier<\/b>\u00a0est fantastique\u00a0<b>outil de sensibilisation \u00e0 long terme<\/b>\u00a0pour les entreprises les plus\u00a0<b>divers domaines d&#039;activit\u00e9<\/b>, tels que les supermarch\u00e9s, les foires, les kiosques \u00e0 journaux, les boulangeries, les prestataires de services et de nombreux autres \u00e9tablissements qui utilisent le Calendrier comme\u00a0<b>cadeau pour d\u00e9velopper, renforcer votre marque<\/b>\u00a0et fid\u00e9liser les clients<\/p>","protected":false},"featured_media":204,"comment_status":"open","ping_status":"closed","template":"","meta":{"_kad_post_transparent":"default","_kad_post_title":"","_kad_post_layout":"default","_kad_post_sidebar_id":"","_kad_post_content_style":"default","_kad_post_vertical_padding":"default","_kad_post_feature":"","_kad_post_feature_position":"","_kad_post_header":false,"_kad_post_footer":false},"product_brand":[],"product_cat":[15,25,27],"product_tag":[],"class_list":{"0":"post-197","1":"product","2":"type-product","3":"status-publish","4":"has-post-thumbnail","6":"product_cat-personalizados","7":"product_cat-grafica","8":"product_cat-impressao-digital","10":"first","11":"instock","12":"shipping-taxable","13":"purchasable","14":"product-type-simple","15":"entry","16":"content-bg","17":"loop-entry"},"_links":{"self":[{"href":"https:\/\/visionario.co.mz\/fr\/wp-json\/wp\/v2\/product\/197","targetHints":{"allow":["GET"]}}],"collection":[{"href":"https:\/\/visionario.co.mz\/fr\/wp-json\/wp\/v2\/product"}],"about":[{"href":"https:\/\/visionario.co.mz\/fr\/wp-json\/wp\/v2\/types\/product"}],"replies":[{"embeddable":true,"href":"https:\/\/visionario.co.mz\/fr\/wp-json\/wp\/v2\/comments?post=197"}],"wp:featuredmedia":[{"embeddable":true,"href":"https:\/\/visionario.co.mz\/fr\/wp-json\/wp\/v2\/media\/204"}],"wp:attachment":[{"href":"https:\/\/visionario.co.mz\/fr\/wp-json\/wp\/v2\/media?parent=197"}],"wp:term":[{"taxonomy":"product_brand","embeddable":true,"href":"https:\/\/visionario.co.mz\/fr\/wp-json\/wp\/v2\/product_brand?post=197"},{"taxonomy":"product_cat","embeddable":true,"href":"https:\/\/visionario.co.mz\/fr\/wp-json\/wp\/v2\/product_cat?post=197"},{"taxonomy":"product_tag","embeddable":true,"href":"https:\/\/visionario.co.mz\/fr\/wp-json\/wp\/v2\/product_tag?post=197"}],"curies":[{"name":"wp","href":"https:\/\/api.w.org\/{rel}","templated":true}]}}