{"id":217,"date":"2022-05-31T15:29:02","date_gmt":"2022-05-31T13:29:02","guid":{"rendered":"https:\/\/visionario.co.mz\/?post_type=product&#038;p=217"},"modified":"2025-09-11T08:56:07","modified_gmt":"2025-09-11T06:56:07","slug":"t-shirt-personnalise","status":"publish","type":"product","link":"https:\/\/visionario.co.mz\/fr\/produit\/t-shirt-personnalise\/","title":{"rendered":"T-shirt personnalis\u00e9"},"content":{"rendered":"<p>Nous recommandons, par exemple, des t-shirts en coton 100% afin qu&#039;ils offrent durabilit\u00e9, r\u00e9sistance et confort d&#039;utilisation, car m\u00eame si nous r\u00e9alisons la meilleure impression<\/p>\n<p>Vision\u00e1rio accorde une attention particuli\u00e8re \u00e0 chaque d\u00e9tail de ses mat\u00e9riaux, de la fabrication du produit \u00e0 l&#039;emballage.<\/p>\n<p>&nbsp;<\/p>","protected":false},"excerpt":{"rendered":"<p>Les t-shirts personnalis\u00e9s sont l&#039;un des produits que les entreprises utilisent pour les campagnes promotionnelles ou que les employ\u00e9s portent pour repr\u00e9senter l&#039;institution.<\/p>\n<p>C&#039;est aussi un cadeau que l&#039;on peut offrir \u00e0 quelqu&#039;un en souvenir d&#039;un moment sp\u00e9cial.<\/p>\n<p>Nous personnalisons tous types de t-shirts : col rond, col V, marque Polo et bien plus encore.<\/p>","protected":false},"featured_media":205,"comment_status":"open","ping_status":"closed","template":"","meta":{"_kad_post_transparent":"default","_kad_post_title":"","_kad_post_layout":"default","_kad_post_sidebar_id":"","_kad_post_content_style":"default","_kad_post_vertical_padding":"default","_kad_post_feature":"","_kad_post_feature_position":"","_kad_post_header":false,"_kad_post_footer":false},"product_brand":[],"product_cat":[15,29,30,25,24],"product_tag":[],"class_list":{"0":"post-217","1":"product","2":"type-product","3":"status-publish","4":"has-post-thumbnail","6":"product_cat-personalizados","7":"product_cat-bordados","8":"product_cat-estampagem","9":"product_cat-grafica","10":"product_cat-serigrafia","12":"first","13":"instock","14":"sale","15":"shipping-taxable","16":"purchasable","17":"product-type-variable","18":"entry","19":"content-bg","20":"loop-entry"},"_links":{"self":[{"href":"https:\/\/visionario.co.mz\/fr\/wp-json\/wp\/v2\/product\/217","targetHints":{"allow":["GET"]}}],"collection":[{"href":"https:\/\/visionario.co.mz\/fr\/wp-json\/wp\/v2\/product"}],"about":[{"href":"https:\/\/visionario.co.mz\/fr\/wp-json\/wp\/v2\/types\/product"}],"replies":[{"embeddable":true,"href":"https:\/\/visionario.co.mz\/fr\/wp-json\/wp\/v2\/comments?post=217"}],"wp:featuredmedia":[{"embeddable":true,"href":"https:\/\/visionario.co.mz\/fr\/wp-json\/wp\/v2\/media\/205"}],"wp:attachment":[{"href":"https:\/\/visionario.co.mz\/fr\/wp-json\/wp\/v2\/media?parent=217"}],"wp:term":[{"taxonomy":"product_brand","embeddable":true,"href":"https:\/\/visionario.co.mz\/fr\/wp-json\/wp\/v2\/product_brand?post=217"},{"taxonomy":"product_cat","embeddable":true,"href":"https:\/\/visionario.co.mz\/fr\/wp-json\/wp\/v2\/product_cat?post=217"},{"taxonomy":"product_tag","embeddable":true,"href":"https:\/\/visionario.co.mz\/fr\/wp-json\/wp\/v2\/product_tag?post=217"}],"curies":[{"name":"wp","href":"https:\/\/api.w.org\/{rel}","templated":true}]}}