{"id":227,"date":"2022-05-31T15:35:22","date_gmt":"2022-05-31T13:35:22","guid":{"rendered":"https:\/\/visionario.co.mz\/?post_type=product&#038;p=227"},"modified":"2025-08-04T10:31:04","modified_gmt":"2025-08-04T08:31:04","slug":"bloc-notes","status":"publish","type":"product","link":"https:\/\/visionario.co.mz\/fr\/produit\/bloc-notes\/","title":{"rendered":"Bloc-notes"},"content":{"rendered":"<p>Nous produisons des blocs-notes au format A4 ou A5 pour vos notes personnelles, professionnelles ou \u00e0 offrir. Il est donc important de d\u00e9terminer le format id\u00e9al.<\/p>\n<p>Ce produit est id\u00e9al pour vous aider \u00e0 enregistrer des id\u00e9es, des contacts et d\u2019autres informations.<\/p>\n<p>Seul visionnaire<b> Graphisme et s\u00e9rigraphie<\/b>\u00a0vous propose :<\/p>\n<ul>\n<li>Prix abordables;<\/li>\n<li>Impression de grande qualit\u00e9;<\/li>\n<li>Production et livraison rapides ;<\/li>\n<li>Satisfaction de vos clients et collaborateurs<\/li>\n<\/ul>","protected":false},"excerpt":{"rendered":"<p>Le bloc-notes peut \u00eatre utilis\u00e9 \u00e0 des fins personnelles comme professionnelles, pour prendre des notes rapides. Il peut \u00eatre utilis\u00e9 par <b>commer\u00e7ants, bureaux et entreprises<\/b>\u00a0d&#039;autres segments, qui le distribuent \u00e0 leurs employ\u00e9s, partenaires commerciaux, clients et fournisseurs, pr\u00e9servant ainsi l&#039;identit\u00e9 visuelle de la marque.<\/p>","protected":false},"featured_media":201,"comment_status":"open","ping_status":"closed","template":"","meta":{"_kad_post_transparent":"default","_kad_post_title":"","_kad_post_layout":"default","_kad_post_sidebar_id":"","_kad_post_content_style":"default","_kad_post_vertical_padding":"default","_kad_post_feature":"","_kad_post_feature_position":"","_kad_post_header":false,"_kad_post_footer":false},"product_brand":[],"product_cat":[15,25,27],"product_tag":[],"class_list":{"0":"post-227","1":"product","2":"type-product","3":"status-publish","4":"has-post-thumbnail","6":"product_cat-personalizados","7":"product_cat-grafica","8":"product_cat-impressao-digital","10":"first","11":"instock","12":"sale","13":"shipping-taxable","14":"purchasable","15":"product-type-variable","16":"entry","17":"content-bg","18":"loop-entry"},"_links":{"self":[{"href":"https:\/\/visionario.co.mz\/fr\/wp-json\/wp\/v2\/product\/227","targetHints":{"allow":["GET"]}}],"collection":[{"href":"https:\/\/visionario.co.mz\/fr\/wp-json\/wp\/v2\/product"}],"about":[{"href":"https:\/\/visionario.co.mz\/fr\/wp-json\/wp\/v2\/types\/product"}],"replies":[{"embeddable":true,"href":"https:\/\/visionario.co.mz\/fr\/wp-json\/wp\/v2\/comments?post=227"}],"wp:featuredmedia":[{"embeddable":true,"href":"https:\/\/visionario.co.mz\/fr\/wp-json\/wp\/v2\/media\/201"}],"wp:attachment":[{"href":"https:\/\/visionario.co.mz\/fr\/wp-json\/wp\/v2\/media?parent=227"}],"wp:term":[{"taxonomy":"product_brand","embeddable":true,"href":"https:\/\/visionario.co.mz\/fr\/wp-json\/wp\/v2\/product_brand?post=227"},{"taxonomy":"product_cat","embeddable":true,"href":"https:\/\/visionario.co.mz\/fr\/wp-json\/wp\/v2\/product_cat?post=227"},{"taxonomy":"product_tag","embeddable":true,"href":"https:\/\/visionario.co.mz\/fr\/wp-json\/wp\/v2\/product_tag?post=227"}],"curies":[{"name":"wp","href":"https:\/\/api.w.org\/{rel}","templated":true}]}}