{"id":231,"date":"2022-05-31T16:14:47","date_gmt":"2022-05-31T14:14:47","guid":{"rendered":"https:\/\/visionario.co.mz\/?post_type=product&#038;p=231"},"modified":"2024-07-24T07:00:33","modified_gmt":"2024-07-24T05:00:33","slug":"tasse-personnalisee","status":"publish","type":"product","link":"https:\/\/visionario.co.mz\/fr\/produit\/tasse-personnalisee\/","title":{"rendered":"Tasse personnalis\u00e9e"},"content":{"rendered":"<p><strong>Passez une bonne matin\u00e9e<\/strong><br \/>\nPourquoi ne pas savourer votre premi\u00e8re gorg\u00e9e de quelque chose de chaud le matin\u00a0? Quoi de mieux\u00a0? Votre caf\u00e9 ou votre th\u00e9 dans une tasse personnalis\u00e9e. D\u00e9gustez-la en admirant des photos de vos enfants ou de vos animaux, un message humoristique ou tout simplement un motif amusant que vous adorez. C&#039;est gagnant-gagnant, \u00e0 notre avis.<\/p>\n<p><strong>Un cadeau pour tous<\/strong><br \/>\nSi vous cherchez un cadeau attentionn\u00e9 pour les f\u00eates ou un anniversaire, les mugs photo personnalis\u00e9s sont parfaits pour tous vos proches. Abordables et faciles \u00e0 personnaliser, ils constituent d&#039;excellents cadeaux pour la famille, les amis et m\u00eame les coll\u00e8gues. Un mug personnalis\u00e9 pour b\u00e9b\u00e9 (ou animal) sera un cadeau pr\u00e9cieux pour les grands-parents, et m\u00eame pour les propri\u00e9taires d&#039;animaux. Envie de pimenter l&#039;ambiance\u00a0? Ajoutez une citation amusante ou une photo amusante qui leur fera sourire pendant qu&#039;ils boivent.<\/p>\n<p><strong>Cr\u00e9er est facile<\/strong><br \/>\nCr\u00e9er un mug imprim\u00e9 est aussi simple que l&#039;appr\u00e9cier. Pour commencer, explorez notre galerie de designs enti\u00e8rement personnalisables. (Vous avez d\u00e9j\u00e0 un design\u00a0? Envoyez-le-nous via WhatsApp ou via notre page de contact\u00a0: visionario.co.mz\/contato. Une fois votre mug pr\u00e9f\u00e9r\u00e9 trouv\u00e9, personnalisez-le en ajoutant vos coordonn\u00e9es et en choisissant vos couleurs pr\u00e9f\u00e9r\u00e9es. Nous nous occupons du reste et votre mug sera pr\u00eat \u00e0 \u00eatre utilis\u00e9 ou offert en quelques jours seulement.)<\/p>","protected":false},"excerpt":{"rendered":"<p>Il n&#039;y a rien de mieux qu&#039;une tasse personnalis\u00e9e qui vous accompagne chaque matin et vous garantit des mains et des c\u0153urs chaleureux avec des photos, des messages ou votre design pr\u00e9f\u00e9r\u00e9.<\/p>","protected":false},"featured_media":209,"comment_status":"open","ping_status":"closed","template":"","meta":{"_kad_post_transparent":"default","_kad_post_title":"","_kad_post_layout":"default","_kad_post_sidebar_id":"","_kad_post_content_style":"default","_kad_post_vertical_padding":"default","_kad_post_feature":"","_kad_post_feature_position":"","_kad_post_header":false,"_kad_post_footer":false},"product_brand":[],"product_cat":[15,31],"product_tag":[44],"class_list":{"0":"post-231","1":"product","2":"type-product","3":"status-publish","4":"has-post-thumbnail","6":"product_cat-personalizados","7":"product_cat-brindes","8":"product_tag-caneca-personalizada","10":"first","11":"instock","12":"sale","13":"shipping-taxable","14":"purchasable","15":"product-type-variable","16":"entry","17":"content-bg","18":"loop-entry"},"_links":{"self":[{"href":"https:\/\/visionario.co.mz\/fr\/wp-json\/wp\/v2\/product\/231","targetHints":{"allow":["GET"]}}],"collection":[{"href":"https:\/\/visionario.co.mz\/fr\/wp-json\/wp\/v2\/product"}],"about":[{"href":"https:\/\/visionario.co.mz\/fr\/wp-json\/wp\/v2\/types\/product"}],"replies":[{"embeddable":true,"href":"https:\/\/visionario.co.mz\/fr\/wp-json\/wp\/v2\/comments?post=231"}],"wp:featuredmedia":[{"embeddable":true,"href":"https:\/\/visionario.co.mz\/fr\/wp-json\/wp\/v2\/media\/209"}],"wp:attachment":[{"href":"https:\/\/visionario.co.mz\/fr\/wp-json\/wp\/v2\/media?parent=231"}],"wp:term":[{"taxonomy":"product_brand","embeddable":true,"href":"https:\/\/visionario.co.mz\/fr\/wp-json\/wp\/v2\/product_brand?post=231"},{"taxonomy":"product_cat","embeddable":true,"href":"https:\/\/visionario.co.mz\/fr\/wp-json\/wp\/v2\/product_cat?post=231"},{"taxonomy":"product_tag","embeddable":true,"href":"https:\/\/visionario.co.mz\/fr\/wp-json\/wp\/v2\/product_tag?post=231"}],"curies":[{"name":"wp","href":"https:\/\/api.w.org\/{rel}","templated":true}]}}