{"id":234,"date":"2022-05-31T16:34:38","date_gmt":"2022-05-31T14:34:38","guid":{"rendered":"https:\/\/visionario.co.mz\/?post_type=product&#038;p=234"},"modified":"2025-07-30T09:06:58","modified_gmt":"2025-07-30T07:06:58","slug":"badge","status":"publish","type":"product","link":"https:\/\/visionario.co.mz\/fr\/produit\/badge\/","title":{"rendered":"Badge"},"content":{"rendered":"<p><span>Les cordons et porte-noms personnalis\u00e9s permettent d&#039;identifier les personnes qui visitent vos locaux, aussi bien pour les employ\u00e9s que pour les visiteurs. Nos porte-noms et cordons personnalis\u00e9s peuvent \u00eatre accroch\u00e9s \u00e0 une chemise ou port\u00e9s autour du cou. Ils permettent aux clients de reconna\u00eetre vos employ\u00e9s et renforcent la s\u00e9curit\u00e9. Vous pouvez \u00e9galement inclure des cordons personnalis\u00e9s dans les packs de bienvenue des nouveaux membres de votre \u00e9quipe. Avec un large choix de couleurs, vous trouverez facilement celui qui s&#039;harmonise avec votre logo.<\/span><\/p>\n<p><span>Une fois votre cordon ou badge pr\u00e9f\u00e9r\u00e9 s\u00e9lectionn\u00e9, ajoutez une touche personnelle gr\u00e2ce \u00e0 notre service d&#039;impression et de s\u00e9rigraphie. Vous pouvez ajouter des noms, des titres, votre logo et le nom de votre entreprise \u00e0 vos cordons imprim\u00e9s. Nous donnerons ensuite vie \u00e0 votre design. Vos badges personnalis\u00e9s seront livr\u00e9s pr\u00eats \u00e0 \u00eatre port\u00e9s.<\/span><\/p>\n<p>&nbsp;<\/p>","protected":false},"excerpt":{"rendered":"<p><span>Vous cherchez \u00e0 personnaliser un article pratique que votre \u00e9quipe peut utiliser au quotidien\u00a0?\u00a0<\/span><span>Les cordons et \u00e9tiquettes nominatives personnalis\u00e9s am\u00e9liorent la reconnaissance de la marque et cr\u00e9ent une apparence professionnelle et coh\u00e9rente pour votre \u00e9quipe ou les visiteurs de votre lieu de travail.<\/span><\/p>","protected":false},"featured_media":212,"comment_status":"open","ping_status":"closed","template":"","meta":{"_kad_post_transparent":"default","_kad_post_title":"","_kad_post_layout":"default","_kad_post_sidebar_id":"","_kad_post_content_style":"default","_kad_post_vertical_padding":"default","_kad_post_feature":"","_kad_post_feature_position":"","_kad_post_header":false,"_kad_post_footer":false},"product_brand":[],"product_cat":[22,21,25,27],"product_tag":[],"class_list":{"0":"post-234","1":"product","2":"type-product","3":"status-publish","4":"has-post-thumbnail","6":"product_cat-branding","7":"product_cat-design","8":"product_cat-grafica","9":"product_cat-impressao-digital","11":"first","12":"instock","13":"sale","14":"shipping-taxable","15":"purchasable","16":"product-type-simple","17":"entry","18":"content-bg","19":"loop-entry"},"_links":{"self":[{"href":"https:\/\/visionario.co.mz\/fr\/wp-json\/wp\/v2\/product\/234","targetHints":{"allow":["GET"]}}],"collection":[{"href":"https:\/\/visionario.co.mz\/fr\/wp-json\/wp\/v2\/product"}],"about":[{"href":"https:\/\/visionario.co.mz\/fr\/wp-json\/wp\/v2\/types\/product"}],"replies":[{"embeddable":true,"href":"https:\/\/visionario.co.mz\/fr\/wp-json\/wp\/v2\/comments?post=234"}],"wp:featuredmedia":[{"embeddable":true,"href":"https:\/\/visionario.co.mz\/fr\/wp-json\/wp\/v2\/media\/212"}],"wp:attachment":[{"href":"https:\/\/visionario.co.mz\/fr\/wp-json\/wp\/v2\/media?parent=234"}],"wp:term":[{"taxonomy":"product_brand","embeddable":true,"href":"https:\/\/visionario.co.mz\/fr\/wp-json\/wp\/v2\/product_brand?post=234"},{"taxonomy":"product_cat","embeddable":true,"href":"https:\/\/visionario.co.mz\/fr\/wp-json\/wp\/v2\/product_cat?post=234"},{"taxonomy":"product_tag","embeddable":true,"href":"https:\/\/visionario.co.mz\/fr\/wp-json\/wp\/v2\/product_tag?post=234"}],"curies":[{"name":"wp","href":"https:\/\/api.w.org\/{rel}","templated":true}]}}