{"id":235,"date":"2022-05-31T18:37:28","date_gmt":"2022-05-31T16:37:28","guid":{"rendered":"https:\/\/visionario.co.mz\/?post_type=product&#038;p=235"},"modified":"2025-08-04T10:30:46","modified_gmt":"2025-08-04T08:30:46","slug":"ordre-du-jour","status":"publish","type":"product","link":"https:\/\/visionario.co.mz\/fr\/produit\/ordre-du-jour\/","title":{"rendered":"Ordre du jour"},"content":{"rendered":"<p>L&#039;agenda personnalis\u00e9 r\u00e9alis\u00e9 par Vision\u00e1rio Gr\u00e1fica e Serigrafia est l&#039;une des meilleures qualit\u00e9s que vous puissiez trouver sur le march\u00e9 mozambicain car il garantit :<\/p>\n<ul>\n<li>Personnalisation selon vos besoins (ceci est tr\u00e8s utile pour les \u00e9tablissements d&#039;enseignement, les marques et les entrepreneurs, car avec la libert\u00e9 de cr\u00e9ation graphique, il est possible d&#039;ajouter des coordonn\u00e9es, des logos, des r\u00e9seaux sociaux et des images \u00e0 l&#039;agenda) ;<\/li>\n<li>Bien con\u00e7u avec les bons outils pour pr\u00e9senter votre marque avec toute la qualit\u00e9 n\u00e9cessaire ;<\/li>\n<li>Un cadeau hautement personnalis\u00e9 qui privil\u00e9gie la qualit\u00e9, du choix de la mise en page et des mat\u00e9riaux jusqu&#039;\u00e0 l&#039;impression personnalis\u00e9e.<\/li>\n<\/ul>","protected":false},"excerpt":{"rendered":"<p>Personnalisez votre agenda avec l&#039;image de marque, les couleurs et les textures de votre entreprise pour r\u00e9compenser vos clients ou employ\u00e9s fid\u00e8les, en vous assurant de rester pr\u00e9sent dans la vie quotidienne de ceux qui se connectent \u00e0 votre entreprise.<\/p>","protected":false},"featured_media":236,"comment_status":"open","ping_status":"closed","template":"","meta":{"_kad_post_transparent":"default","_kad_post_title":"","_kad_post_layout":"default","_kad_post_sidebar_id":"","_kad_post_content_style":"default","_kad_post_vertical_padding":"default","_kad_post_feature":"","_kad_post_feature_position":"","_kad_post_header":false,"_kad_post_footer":false},"product_brand":[],"product_cat":[15,22,31,21,25,27,26,23],"product_tag":[],"class_list":{"0":"post-235","1":"product","2":"type-product","3":"status-publish","4":"has-post-thumbnail","6":"product_cat-personalizados","7":"product_cat-branding","8":"product_cat-brindes","9":"product_cat-design","10":"product_cat-grafica","11":"product_cat-impressao-digital","12":"product_cat-livreto","13":"product_cat-publicidade","15":"first","16":"instock","17":"sale","18":"shipping-taxable","19":"purchasable","20":"product-type-simple","21":"entry","22":"content-bg","23":"loop-entry"},"_links":{"self":[{"href":"https:\/\/visionario.co.mz\/fr\/wp-json\/wp\/v2\/product\/235","targetHints":{"allow":["GET"]}}],"collection":[{"href":"https:\/\/visionario.co.mz\/fr\/wp-json\/wp\/v2\/product"}],"about":[{"href":"https:\/\/visionario.co.mz\/fr\/wp-json\/wp\/v2\/types\/product"}],"replies":[{"embeddable":true,"href":"https:\/\/visionario.co.mz\/fr\/wp-json\/wp\/v2\/comments?post=235"}],"wp:featuredmedia":[{"embeddable":true,"href":"https:\/\/visionario.co.mz\/fr\/wp-json\/wp\/v2\/media\/236"}],"wp:attachment":[{"href":"https:\/\/visionario.co.mz\/fr\/wp-json\/wp\/v2\/media?parent=235"}],"wp:term":[{"taxonomy":"product_brand","embeddable":true,"href":"https:\/\/visionario.co.mz\/fr\/wp-json\/wp\/v2\/product_brand?post=235"},{"taxonomy":"product_cat","embeddable":true,"href":"https:\/\/visionario.co.mz\/fr\/wp-json\/wp\/v2\/product_cat?post=235"},{"taxonomy":"product_tag","embeddable":true,"href":"https:\/\/visionario.co.mz\/fr\/wp-json\/wp\/v2\/product_tag?post=235"}],"curies":[{"name":"wp","href":"https:\/\/api.w.org\/{rel}","templated":true}]}}